{"id":948,"date":"2013-08-22T08:31:38","date_gmt":"2013-08-22T07:31:38","guid":{"rendered":"http:\/\/cardiologialleida.com\/medicina-interna-2\/definicio-i-diagnostic\/"},"modified":"2015-04-22T19:20:21","modified_gmt":"2015-04-22T18:20:21","slug":"definicion-y-diagnostico","status":"publish","type":"page","link":"https:\/\/cardiologialleida.com\/es\/medicina-interna\/definicion-y-diagnostico\/","title":{"rendered":"Definici\u00f3n y Diagn\u00f3stico"},"content":{"rendered":"<div class=\"row-fluid\">\n\t<div class=\"wpb_showcase_widget full-width wpb_content_element span12 EspecSlider\">\n\t\t<div class=\"wpb_wrapper showcase-wrap\">\n\t\t\t\t\n<div id=\"rev_slider_5_1_wrapper\" class=\"rev_slider_wrapper fullwidthbanner-container\" data-source=\"gallery\" style=\"margin:0px auto;background:#E9E9E9;padding:0px;margin-top:0px;margin-bottom:0px;\">\n<!-- START REVOLUTION SLIDER 5.4.8.3 fullwidth mode -->\n\t<div id=\"rev_slider_5_1\" class=\"rev_slider fullwidthabanner tp-overflow-hidden\" style=\"display:none;\" data-version=\"5.4.8.3\">\n<ul>\t<!-- SLIDE  -->\n\t<li data-index=\"rs-26\" data-transition=\"fade\" data-slotamount=\"7\" data-hideafterloop=\"0\" data-hideslideonmobile=\"off\"  data-easein=\"default\" data-easeout=\"default\" data-masterspeed=\"300\"  data-thumb=\"https:\/\/cardiologialleida.com\/wp-content\/uploads\/2015\/04\/slide-medicina-ecografia-carotidea-ecografo-100x50.jpg\"  data-rotate=\"0\"  data-saveperformance=\"off\"  data-title=\"Slide\" data-param1=\"\" data-param2=\"\" data-param3=\"\" data-param4=\"\" data-param5=\"\" data-param6=\"\" data-param7=\"\" data-param8=\"\" data-param9=\"\" data-param10=\"\" data-description=\"\">\n\t\t<!-- MAIN IMAGE -->\n\t\t<img loading=\"lazy\" decoding=\"async\" src=\"https:\/\/cardiologialleida.com\/wp-content\/plugins\/revslider\/admin\/assets\/images\/dummy.png\"  alt=\"Diagn\u00f2stic Cardiorespiratori Lleida\" title=\"Diagn\u00f2stic Cardiorespiratori Lleida\"  width=\"840\" height=\"350\" data-lazyload=\"https:\/\/cardiologialleida.com\/wp-content\/uploads\/2015\/04\/slide-medicina-ecografia-carotidea-ecografo.jpg\" data-bgposition=\"center center\" data-bgfit=\"cover\" data-bgrepeat=\"no-repeat\" class=\"rev-slidebg\" data-no-retina>\n\t\t<!-- LAYERS -->\n\t<\/li>\n\t<!-- SLIDE  -->\n\t<li data-index=\"rs-31\" data-transition=\"fade\" data-slotamount=\"7\" data-hideafterloop=\"0\" data-hideslideonmobile=\"off\"  data-easein=\"default\" data-easeout=\"default\" data-thumb=\"https:\/\/cardiologialleida.com\/wp-content\/uploads\/2015\/04\/slide-medicina-ecografia-carotidea-ecografo-2-100x50.jpg\"  data-rotate=\"0\"  data-saveperformance=\"off\"  data-title=\"Slide\" data-param1=\"\" data-param2=\"\" data-param3=\"\" data-param4=\"\" data-param5=\"\" data-param6=\"\" data-param7=\"\" data-param8=\"\" data-param9=\"\" data-param10=\"\" data-description=\"\">\n\t\t<!-- MAIN IMAGE -->\n\t\t<img loading=\"lazy\" decoding=\"async\" src=\"https:\/\/cardiologialleida.com\/wp-content\/plugins\/revslider\/admin\/assets\/images\/dummy.png\"  alt=\"Diagn\u00f2stic Cardiorespiratori Lleida\" title=\"Diagn\u00f2stic Cardiorespiratori Lleida\"  width=\"840\" height=\"350\" data-lazyload=\"https:\/\/cardiologialleida.com\/wp-content\/uploads\/2015\/04\/slide-medicina-ecografia-carotidea-ecografo-2.jpg\" data-bgposition=\"center center\" data-bgfit=\"cover\" data-bgrepeat=\"no-repeat\" class=\"rev-slidebg\" data-no-retina>\n\t\t<!-- LAYERS -->\n\t<\/li>\n\t<!-- SLIDE  -->\n\t<li data-index=\"rs-30\" data-transition=\"fade\" data-slotamount=\"7\" data-hideafterloop=\"0\" data-hideslideonmobile=\"off\"  data-easein=\"default\" data-easeout=\"default\" data-thumb=\"https:\/\/cardiologialleida.com\/wp-content\/uploads\/2015\/04\/slide-medicina-ecografia-carotidea-ecografo-3-100x50.jpg\"  data-rotate=\"0\"  data-saveperformance=\"off\"  data-title=\"Slide\" data-param1=\"\" data-param2=\"\" data-param3=\"\" data-param4=\"\" data-param5=\"\" data-param6=\"\" data-param7=\"\" data-param8=\"\" data-param9=\"\" data-param10=\"\" data-description=\"\">\n\t\t<!-- MAIN IMAGE -->\n\t\t<img loading=\"lazy\" decoding=\"async\" src=\"https:\/\/cardiologialleida.com\/wp-content\/plugins\/revslider\/admin\/assets\/images\/dummy.png\"  alt=\"Diagn\u00f2stic Cardiorespiratori Lleida\" title=\"Diagn\u00f2stic Cardiorespiratori Lleida\"  width=\"840\" height=\"350\" data-lazyload=\"https:\/\/cardiologialleida.com\/wp-content\/uploads\/2015\/04\/slide-medicina-ecografia-carotidea-ecografo-3.jpg\" data-bgposition=\"center center\" data-bgfit=\"cover\" data-bgrepeat=\"no-repeat\" class=\"rev-slidebg\" data-no-retina>\n\t\t<!-- LAYERS -->\n\t<\/li>\n<\/ul>\n<script>var htmlDiv = document.getElementById(\"rs-plugin-settings-inline-css\"); var htmlDivCss=\"\";\r\n\t\t\t\t\t\tif(htmlDiv) {\r\n\t\t\t\t\t\t\thtmlDiv.innerHTML = htmlDiv.innerHTML + htmlDivCss;\r\n\t\t\t\t\t\t}else{\r\n\t\t\t\t\t\t\tvar htmlDiv = document.createElement(\"div\");\r\n\t\t\t\t\t\t\thtmlDiv.innerHTML = \"<style>\" + htmlDivCss + \"<\/style>\";\r\n\t\t\t\t\t\t\tdocument.getElementsByTagName(\"head\")[0].appendChild(htmlDiv.childNodes[0]);\r\n\t\t\t\t\t\t}\r\n\t\t\t\t\t<\/script>\n<div class=\"tp-bannertimer tp-bottom\" style=\"visibility: hidden !important;\"><\/div>\t<\/div>\n<script>var htmlDiv = document.getElementById(\"rs-plugin-settings-inline-css\"); var htmlDivCss=\"\";\r\n\t\t\t\tif(htmlDiv) {\r\n\t\t\t\t\thtmlDiv.innerHTML = htmlDiv.innerHTML + htmlDivCss;\r\n\t\t\t\t}else{\r\n\t\t\t\t\tvar htmlDiv = document.createElement(\"div\");\r\n\t\t\t\t\thtmlDiv.innerHTML = \"<style>\" + htmlDivCss + \"<\/style>\";\r\n\t\t\t\t\tdocument.getElementsByTagName(\"head\")[0].appendChild(htmlDiv.childNodes[0]);\r\n\t\t\t\t}\r\n\t\t\t<\/script>\n\t\t<script type=\"text\/javascript\">\r\nif (setREVStartSize!==undefined) setREVStartSize(\r\n\t{c: '#rev_slider_5_1', gridwidth: [960], gridheight: [400], sliderLayout: 'auto'});\r\n\t\t\t\r\nvar revapi5,\r\n\ttpj;\t\r\n(function() {\t\t\t\r\n\tif (!\/loaded|interactive|complete\/.test(document.readyState)) document.addEventListener(\"DOMContentLoaded\",onLoad); else onLoad();\t\r\n\tfunction onLoad() {\t\t\t\t\r\n\t\tif (tpj===undefined) { tpj = jQuery; if(\"on\" == \"on\") tpj.noConflict();}\r\n\tif(tpj(\"#rev_slider_5_1\").revolution == undefined){\n\t\trevslider_showDoubleJqueryError(\"#rev_slider_5_1\");\n\t}else{\n\t\trevapi5 = tpj(\"#rev_slider_5_1\").show().revolution({\n\t\t\tsliderType:\"standard\",\n\t\t\tjsFileLocation:\"\/\/cardiologialleida.com\/wp-content\/plugins\/revslider\/public\/assets\/js\/\",\n\t\t\tsliderLayout:\"auto\",\n\t\t\tdottedOverlay:\"none\",\n\t\t\tdelay:3500,\n\t\t\tnavigation: {\n\t\t\t\tkeyboardNavigation:\"off\",\n\t\t\t\tkeyboard_direction: \"horizontal\",\n\t\t\t\tmouseScrollNavigation:\"off\",\n \t\t\t\t\t\t\tmouseScrollReverse:\"default\",\n\t\t\t\tonHoverStop:\"on\",\n\t\t\t\ttouch:{\n\t\t\t\t\ttouchenabled:\"on\",\n\t\t\t\t\ttouchOnDesktop:\"off\",\n\t\t\t\t\tswipe_threshold: 75,\n\t\t\t\t\tswipe_min_touches: 1,\n\t\t\t\t\tswipe_direction: \"horizontal\",\n\t\t\t\t\tdrag_block_vertical: false\n\t\t\t\t}\n\t\t\t\t,\n\t\t\t\tarrows: {\n\t\t\t\t\tstyle:\"hesperiden\",\n\t\t\t\t\tenable:true,\n\t\t\t\t\thide_onmobile:false,\n\t\t\t\t\thide_onleave:false,\n\t\t\t\t\ttmp:'',\n\t\t\t\t\tleft: {\n\t\t\t\t\t\th_align:\"left\",\n\t\t\t\t\t\tv_align:\"center\",\n\t\t\t\t\t\th_offset:20,\n\t\t\t\t\t\tv_offset:0\n\t\t\t\t\t},\n\t\t\t\t\tright: {\n\t\t\t\t\t\th_align:\"right\",\n\t\t\t\t\t\tv_align:\"center\",\n\t\t\t\t\t\th_offset:20,\n\t\t\t\t\t\tv_offset:0\n\t\t\t\t\t}\n\t\t\t\t}\n\t\t\t},\n\t\t\tvisibilityLevels:[1240,1024,778,480],\n\t\t\tgridwidth:960,\n\t\t\tgridheight:400,\n\t\t\tlazyType:\"all\",\n\t\t\tshadow:0,\n\t\t\tspinner:\"spinner3\",\n\t\t\tstopLoop:\"off\",\n\t\t\tstopAfterLoops:-1,\n\t\t\tstopAtSlide:-1,\n\t\t\tshuffle:\"off\",\n\t\t\tautoHeight:\"off\",\n\t\t\tdisableProgressBar:\"on\",\n\t\t\thideThumbsOnMobile:\"off\",\n\t\t\thideSliderAtLimit:0,\n\t\t\thideCaptionAtLimit:0,\n\t\t\thideAllCaptionAtLilmit:0,\n\t\t\tdebugMode:false,\n\t\t\tfallbacks: {\n\t\t\t\tsimplifyAll:\"off\",\n\t\t\t\tnextSlideOnWindowFocus:\"off\",\n\t\t\t\tdisableFocusListener:false,\n\t\t\t}\n\t\t});\n\t}; \/* END OF revapi call *\/\n\t\n }; \/* END OF ON LOAD FUNCTION *\/\r\n}()); \/* END OF WRAPPING FUNCTION *\/\r\n<\/script>\r\n\t\t<script>\r\n\t\t\t\t\tvar htmlDivCss = '\t#rev_slider_5_1_wrapper .tp-loader.spinner3 div { background-color: #FFFFFF !important; } ';\r\n\t\t\t\t\tvar htmlDiv = document.getElementById('rs-plugin-settings-inline-css');\r\n\t\t\t\t\tif(htmlDiv) {\r\n\t\t\t\t\t\thtmlDiv.innerHTML = htmlDiv.innerHTML + htmlDivCss;\r\n\t\t\t\t\t}\r\n\t\t\t\t\telse{\r\n\t\t\t\t\t\tvar htmlDiv = document.createElement('div');\r\n\t\t\t\t\t\thtmlDiv.innerHTML = '<style>' + htmlDivCss + '<\/style>';\r\n\t\t\t\t\t\tdocument.getElementsByTagName('head')[0].appendChild(htmlDiv.childNodes[0]);\r\n\t\t\t\t\t}\r\n\t\t\t\t\t<\/script>\r\n\t\t\t\t\t<script>\r\n\t\t\t\t\tvar htmlDivCss = unescape(\".hesperiden.tparrows%20%7B%0A%09cursor%3Apointer%3B%0A%09background%3Argba%280%2C0%2C0%2C0.5%29%3B%0A%09width%3A40px%3B%0A%09height%3A40px%3B%0A%09position%3Aabsolute%3B%0A%09display%3Ablock%3B%0A%09z-index%3A100%3B%0A%20%20%20%20border-radius%3A%2050%25%3B%0A%7D%0A.hesperiden.tparrows%3Ahover%20%7B%0A%09background%3Argba%280%2C%200%2C%200%2C%201%29%3B%0A%7D%0A.hesperiden.tparrows%3Abefore%20%7B%0A%09font-family%3A%20%22revicons%22%3B%0A%09font-size%3A20px%3B%0A%09color%3Argb%28255%2C%20255%2C%20255%29%3B%0A%09display%3Ablock%3B%0A%09line-height%3A%2040px%3B%0A%09text-align%3A%20center%3B%0A%7D%0A.hesperiden.tparrows.tp-leftarrow%3Abefore%20%7B%0A%09content%3A%20%22%5Ce82c%22%3B%0A%20%20%20%20margin-left%3A-3px%3B%0A%7D%0A.hesperiden.tparrows.tp-rightarrow%3Abefore%20%7B%0A%09content%3A%20%22%5Ce82d%22%3B%0A%20%20%20%20margin-right%3A-3px%3B%0A%7D%0A\");\r\n\t\t\t\t\tvar htmlDiv = document.getElementById('rs-plugin-settings-inline-css');\r\n\t\t\t\t\tif(htmlDiv) {\r\n\t\t\t\t\t\thtmlDiv.innerHTML = htmlDiv.innerHTML + htmlDivCss;\r\n\t\t\t\t\t}\r\n\t\t\t\t\telse{\r\n\t\t\t\t\t\tvar htmlDiv = document.createElement('div');\r\n\t\t\t\t\t\thtmlDiv.innerHTML = '<style>' + htmlDivCss + '<\/style>';\r\n\t\t\t\t\t\tdocument.getElementsByTagName('head')[0].appendChild(htmlDiv.childNodes[0]);\r\n\t\t\t\t\t}\r\n\t\t\t\t  <\/script>\r\n\t\t\t\t<\/div><!-- END REVOLUTION SLIDER -->\n\t\t<\/div> \n\t<\/div> <\/div> <div class=\"blank_spacer\" style=\"height:30px;\"><\/div>\n <div class=\"row-fluid\">\n\t<div class=\"wpb_content_element span12 especTexte1 wpb_text_column pb-margin-bottom\">\n\t\t<div class=\"wpb_wrapper clearfix\">\n\t\t\t<div class=\"heading-wrap\"><h3 class=\"wpb_heading wpb_text_heading\">\u00bfQu\u00e9 es la medicina interna?<\/h3><\/div>\n\t\t\t\n<p>El m\u00e9dico internista es un especialista del adulto. Atendemos las enfermedades m\u00e1s comunes de la sociedad actual (cardiovasculares, respiratorias, cr\u00f3nicas y envejecimiento). Por eso, ofrecemos una visi\u00f3n integradora y polivalente para controlar enfermedades diferentes con s\u00edntomas diversos.<\/p>\n\n\t\t<\/div> \n\t<\/div> <\/div> <div class=\"row-fluid\">\n\t<div class=\"wpb_content_element span12 especTexte2 cardio wpb_text_column pb-margin-bottom\">\n\t\t<div class=\"wpb_wrapper clearfix\">\n\t\t\t<div class=\"heading-wrap\"><h3 class=\"wpb_heading wpb_text_heading\">Diagn\u00f3stico<\/h3><\/div>\n\t\t\t\n<p>En la medicina interna, trabajamos con una atenci\u00f3n integral y con el control de los factores de riesgo cardiovasculares. Existen varios niveles de atenci\u00f3n (ambulatorio, diagn\u00f3stico y quir\u00fargico). Nuestro caso es el segundo. Normalmente, nos encontramos con patolog\u00edas m\u00faltiples, infecciones y patolog\u00edas sist\u00e9micas que afectan a diferentes \u00f3rganos.<\/p>\n<p>&nbsp;<\/p>\n<p><span style=\"color: #da0812;\">Electrocardiograma<\/span><br \/>\nPrueba diagn\u00f3stica en la que medimos el comportamiento el\u00e9ctrico del coraz\u00f3n. Nos da la posibilidad de detectar cualquier trastorno cardiol\u00f3gico a trav\u00e9s de la colocaci\u00f3n de unos electrodos en los brazos y las extremidades. Determinamos si se han producido arritmias, latidos irregulares o alteraciones de la conducci\u00f3n el\u00e9ctrica.<\/p>\n<p>&nbsp;<\/p>\n<p><span style=\"color: #da0812;\">Ecocardiograma<\/span><br \/>\nNos da una imagen del coraz\u00f3n en movimiento. Por lo tanto, visualizamos la forma y la medida de las cavidades card\u00edacas, el grueso de las paredes y el funcionamiento de las v\u00e1lvulas. Mediante los ultrasonidos, podemos medir el comportamiento de diferentes partes del coraz\u00f3n y detectar casos de insuficiencia card\u00edaca.<\/p>\n<p>&nbsp;<\/p>\n<p><span style=\"color: #da0812;\">Registro de electrocardiograma de 24 h. Holter<\/span><br \/>\nAn\u00e1lisis real durante 24 horas de la actividad el\u00e9ctrica del coraz\u00f3n (electrocardiograma). Nos sirve para detectar arritmias, que normalmente vienen acompa\u00f1adas de palpitaciones en el coraz\u00f3n. Para hacer la prueba, colocamos los electrodos un d\u00eda entero. \u00c9stos van conectados a un aparato que registra todo lo qu\u00e9 sucede en el coraz\u00f3n. Es muy adecuado para nuestros pacientes que sufren arritmias frecuentes.<\/p>\n<p>&nbsp;<\/p>\n<p><span style=\"color: #da0812;\">Registro de presi\u00f3n arterial de 24 h. Holter (MAPA)<\/span><br \/>\nEs un instrumento que nos hace conocer la presi\u00f3n arterial durante un d\u00eda entero. Nuestros pacientes se llevan el aparato a su casa y siguen haciendo vida normal. El Holter mide de manera continuada el registro de la presi\u00f3n arterial cada 20 minutos durante el d\u00eda (de las 8 a las 22 horas) y cada 30 minutos por la noche (de las 22 a las 8 horas del d\u00eda siguiente). Es \u00fatil para diagnosticar la hipertensi\u00f3n arterial (HTA), la reacci\u00f3n de bata blanca en la hipertensi\u00f3n y conocer el control de la HTA tratada con f\u00e1rmacos hipotensores.<\/p>\n<p>&nbsp;<\/p>\n<p><span style=\"color: #da0812;\">Ecocardiograma doppler color<\/span><br \/>\nEste m\u00e9todo nos permite ver el latido del coraz\u00f3n en tiempo real. Como complemento del ecocardiograma simple, el sistema de ultrasonidos con el Doppler color servir\u00e1 para saber el flujo sangu\u00edneo del coraz\u00f3n del paciente. Con la prueba, llegamos a la estructura, el funcionamiento y el peso del coraz\u00f3n. El ecocardiograma doppler color detecta enfermedades del m\u00fasculo card\u00edaco, cardiopat\u00edas cong\u00e9nitas y las valvulopat\u00edas.<\/p>\n<p>&nbsp;<\/p>\n<p><span style=\"color: #da0812;\">Ecograf\u00eda carot\u00eddea<\/span><br \/>\nSe trata de un estudio, en el que analizamos y medimos el grueso de las arterias carot\u00eddeas. As\u00ed detectamos estrecheces y dilataciones provocadas por factores de riesgo, como el envejecimiento o la presencia de placas de ateroma calcificadas. Con un aparato port\u00e1til de ultrasonidos, se emiten sonidos y se reciben olas, con las que se procesan los movimientos de las arterias y de la sangre.<\/p>\n\n\t\t<\/div> \n\t<\/div> <\/div> <div class=\"blank_spacer\" style=\"height:30px;\"><\/div>\n\n","protected":false},"excerpt":{"rendered":"","protected":false},"author":1,"featured_media":0,"parent":946,"menu_order":0,"comment_status":"closed","ping_status":"closed","template":"","meta":{"_monsterinsights_skip_tracking":false,"_monsterinsights_sitenote_active":false,"_monsterinsights_sitenote_note":"","_monsterinsights_sitenote_category":0,"footnotes":""},"class_list":["post-948","page","type-page","status-publish","hentry"],"yoast_head":"<!-- This site is optimized with the Yoast SEO plugin v27.3 - https:\/\/yoast.com\/product\/yoast-seo-wordpress\/ -->\n<title>Definici\u00f3n y Diagn\u00f3stico - Diagn\u00f2stic Cardiorespiratori<\/title>\n<meta name=\"robots\" content=\"index, follow, max-snippet:-1, max-image-preview:large, max-video-preview:-1\" \/>\n<link rel=\"canonical\" href=\"https:\/\/cardiologialleida.com\/es\/medicina-interna\/definicion-y-diagnostico\/\" \/>\n<meta property=\"og:locale\" content=\"es_ES\" \/>\n<meta property=\"og:type\" content=\"article\" \/>\n<meta property=\"og:title\" content=\"Definici\u00f3n y Diagn\u00f3stico - Diagn\u00f2stic Cardiorespiratori\" \/>\n<meta property=\"og:description\" content=\"Centre d\u2019Osteopatia Cl\u00ednica especialitzat en el tractament de lesions vertebrals, viscerals i cranials. Centre pioner a la ciutat de Lleida en especialitats com la osteopatia pedi\u00e0trica i ginecol\u00f2gica.\" \/>\n<meta property=\"og:url\" content=\"https:\/\/cardiologialleida.com\/es\/medicina-interna\/definicion-y-diagnostico\/\" \/>\n<meta property=\"og:site_name\" content=\"Diagn\u00f2stic Cardiorespiratori\" \/>\n<meta property=\"article:modified_time\" content=\"2015-04-22T18:20:21+00:00\" \/>\n<meta property=\"og:image\" content=\"https:\/\/cardiologialleida.com\/wp-content\/uploads\/2015\/04\/cardiologialleida-centre-diagnostic-cardiovascular.png\" \/>\n\t<meta property=\"og:image:width\" content=\"1268\" \/>\n\t<meta property=\"og:image:height\" content=\"936\" \/>\n\t<meta property=\"og:image:type\" content=\"image\/png\" \/>\n<meta name=\"twitter:label1\" content=\"Tiempo de lectura\" \/>\n\t<meta name=\"twitter:data1\" content=\"3 minutos\" \/>\n<script type=\"application\/ld+json\" class=\"yoast-schema-graph\">{\"@context\":\"https:\\\/\\\/schema.org\",\"@graph\":[{\"@type\":\"WebPage\",\"@id\":\"https:\\\/\\\/cardiologialleida.com\\\/es\\\/medicina-interna\\\/definicion-y-diagnostico\\\/\",\"url\":\"https:\\\/\\\/cardiologialleida.com\\\/es\\\/medicina-interna\\\/definicion-y-diagnostico\\\/\",\"name\":\"Definici\u00f3n y Diagn\u00f3stico - Diagn\u00f2stic Cardiorespiratori\",\"isPartOf\":{\"@id\":\"https:\\\/\\\/cardiologialleida.com\\\/es\\\/#website\"},\"datePublished\":\"2013-08-22T07:31:38+00:00\",\"dateModified\":\"2015-04-22T18:20:21+00:00\",\"breadcrumb\":{\"@id\":\"https:\\\/\\\/cardiologialleida.com\\\/es\\\/medicina-interna\\\/definicion-y-diagnostico\\\/#breadcrumb\"},\"inLanguage\":\"es\",\"potentialAction\":[{\"@type\":\"ReadAction\",\"target\":[\"https:\\\/\\\/cardiologialleida.com\\\/es\\\/medicina-interna\\\/definicion-y-diagnostico\\\/\"]}]},{\"@type\":\"BreadcrumbList\",\"@id\":\"https:\\\/\\\/cardiologialleida.com\\\/es\\\/medicina-interna\\\/definicion-y-diagnostico\\\/#breadcrumb\",\"itemListElement\":[{\"@type\":\"ListItem\",\"position\":1,\"name\":\"Inici\",\"item\":\"https:\\\/\\\/cardiologialleida.com\\\/es\\\/\"},{\"@type\":\"ListItem\",\"position\":2,\"name\":\"Medicina Interna\",\"item\":\"https:\\\/\\\/cardiologialleida.com\\\/es\\\/medicina-interna\\\/\"},{\"@type\":\"ListItem\",\"position\":3,\"name\":\"Definici\u00f3n y Diagn\u00f3stico\"}]},{\"@type\":\"WebSite\",\"@id\":\"https:\\\/\\\/cardiologialleida.com\\\/es\\\/#website\",\"url\":\"https:\\\/\\\/cardiologialleida.com\\\/es\\\/\",\"name\":\"Diagn\u00f2stic Cardiorespiratori\",\"description\":\"Centre Cardiologia Lleida\",\"potentialAction\":[{\"@type\":\"SearchAction\",\"target\":{\"@type\":\"EntryPoint\",\"urlTemplate\":\"https:\\\/\\\/cardiologialleida.com\\\/es\\\/?s={search_term_string}\"},\"query-input\":{\"@type\":\"PropertyValueSpecification\",\"valueRequired\":true,\"valueName\":\"search_term_string\"}}],\"inLanguage\":\"es\"}]}<\/script>\n<!-- \/ Yoast SEO plugin. -->","yoast_head_json":{"title":"Definici\u00f3n y Diagn\u00f3stico - Diagn\u00f2stic Cardiorespiratori","robots":{"index":"index","follow":"follow","max-snippet":"max-snippet:-1","max-image-preview":"max-image-preview:large","max-video-preview":"max-video-preview:-1"},"canonical":"https:\/\/cardiologialleida.com\/es\/medicina-interna\/definicion-y-diagnostico\/","og_locale":"es_ES","og_type":"article","og_title":"Definici\u00f3n y Diagn\u00f3stico - Diagn\u00f2stic Cardiorespiratori","og_description":"Centre d\u2019Osteopatia Cl\u00ednica especialitzat en el tractament de lesions vertebrals, viscerals i cranials. Centre pioner a la ciutat de Lleida en especialitats com la osteopatia pedi\u00e0trica i ginecol\u00f2gica.","og_url":"https:\/\/cardiologialleida.com\/es\/medicina-interna\/definicion-y-diagnostico\/","og_site_name":"Diagn\u00f2stic Cardiorespiratori","article_modified_time":"2015-04-22T18:20:21+00:00","og_image":[{"width":1268,"height":936,"url":"https:\/\/cardiologialleida.com\/wp-content\/uploads\/2015\/04\/cardiologialleida-centre-diagnostic-cardiovascular.png","type":"image\/png"}],"twitter_misc":{"Tiempo de lectura":"3 minutos"},"schema":{"@context":"https:\/\/schema.org","@graph":[{"@type":"WebPage","@id":"https:\/\/cardiologialleida.com\/es\/medicina-interna\/definicion-y-diagnostico\/","url":"https:\/\/cardiologialleida.com\/es\/medicina-interna\/definicion-y-diagnostico\/","name":"Definici\u00f3n y Diagn\u00f3stico - Diagn\u00f2stic Cardiorespiratori","isPartOf":{"@id":"https:\/\/cardiologialleida.com\/es\/#website"},"datePublished":"2013-08-22T07:31:38+00:00","dateModified":"2015-04-22T18:20:21+00:00","breadcrumb":{"@id":"https:\/\/cardiologialleida.com\/es\/medicina-interna\/definicion-y-diagnostico\/#breadcrumb"},"inLanguage":"es","potentialAction":[{"@type":"ReadAction","target":["https:\/\/cardiologialleida.com\/es\/medicina-interna\/definicion-y-diagnostico\/"]}]},{"@type":"BreadcrumbList","@id":"https:\/\/cardiologialleida.com\/es\/medicina-interna\/definicion-y-diagnostico\/#breadcrumb","itemListElement":[{"@type":"ListItem","position":1,"name":"Inici","item":"https:\/\/cardiologialleida.com\/es\/"},{"@type":"ListItem","position":2,"name":"Medicina Interna","item":"https:\/\/cardiologialleida.com\/es\/medicina-interna\/"},{"@type":"ListItem","position":3,"name":"Definici\u00f3n y Diagn\u00f3stico"}]},{"@type":"WebSite","@id":"https:\/\/cardiologialleida.com\/es\/#website","url":"https:\/\/cardiologialleida.com\/es\/","name":"Diagn\u00f2stic Cardiorespiratori","description":"Centre Cardiologia Lleida","potentialAction":[{"@type":"SearchAction","target":{"@type":"EntryPoint","urlTemplate":"https:\/\/cardiologialleida.com\/es\/?s={search_term_string}"},"query-input":{"@type":"PropertyValueSpecification","valueRequired":true,"valueName":"search_term_string"}}],"inLanguage":"es"}]}},"_links":{"self":[{"href":"https:\/\/cardiologialleida.com\/es\/wp-json\/wp\/v2\/pages\/948","targetHints":{"allow":["GET"]}}],"collection":[{"href":"https:\/\/cardiologialleida.com\/es\/wp-json\/wp\/v2\/pages"}],"about":[{"href":"https:\/\/cardiologialleida.com\/es\/wp-json\/wp\/v2\/types\/page"}],"author":[{"embeddable":true,"href":"https:\/\/cardiologialleida.com\/es\/wp-json\/wp\/v2\/users\/1"}],"replies":[{"embeddable":true,"href":"https:\/\/cardiologialleida.com\/es\/wp-json\/wp\/v2\/comments?post=948"}],"version-history":[{"count":3,"href":"https:\/\/cardiologialleida.com\/es\/wp-json\/wp\/v2\/pages\/948\/revisions"}],"predecessor-version":[{"id":1004,"href":"https:\/\/cardiologialleida.com\/es\/wp-json\/wp\/v2\/pages\/948\/revisions\/1004"}],"up":[{"embeddable":true,"href":"https:\/\/cardiologialleida.com\/es\/wp-json\/wp\/v2\/pages\/946"}],"wp:attachment":[{"href":"https:\/\/cardiologialleida.com\/es\/wp-json\/wp\/v2\/media?parent=948"}],"curies":[{"name":"wp","href":"https:\/\/api.w.org\/{rel}","templated":true}]}}