{"id":947,"date":"2013-08-22T08:31:38","date_gmt":"2013-08-22T07:31:38","guid":{"rendered":"http:\/\/cardiologialleida.com\/medicina-interna-2\/malalties\/"},"modified":"2015-04-22T12:06:45","modified_gmt":"2015-04-22T11:06:45","slug":"enfermedades","status":"publish","type":"page","link":"https:\/\/cardiologialleida.com\/es\/medicina-interna\/enfermedades\/","title":{"rendered":"Enfermedades"},"content":{"rendered":"<div class=\"row-fluid\">\n\t<div class=\"wpb_showcase_widget full-width wpb_content_element span12 EspecSlider\">\n\t\t<div class=\"wpb_wrapper showcase-wrap\">\n\t\t\t\t\n<div id=\"rev_slider_5_1_wrapper\" class=\"rev_slider_wrapper fullwidthbanner-container\" data-source=\"gallery\" style=\"margin:0px auto;background:#E9E9E9;padding:0px;margin-top:0px;margin-bottom:0px;\">\n<!-- START REVOLUTION SLIDER 5.4.8.3 fullwidth mode -->\n\t<div id=\"rev_slider_5_1\" class=\"rev_slider fullwidthabanner tp-overflow-hidden\" style=\"display:none;\" data-version=\"5.4.8.3\">\n<ul>\t<!-- SLIDE  -->\n\t<li data-index=\"rs-26\" data-transition=\"fade\" data-slotamount=\"7\" data-hideafterloop=\"0\" data-hideslideonmobile=\"off\"  data-easein=\"default\" data-easeout=\"default\" data-masterspeed=\"300\"  data-thumb=\"https:\/\/cardiologialleida.com\/wp-content\/uploads\/2015\/04\/slide-medicina-ecografia-carotidea-ecografo-100x50.jpg\"  data-rotate=\"0\"  data-saveperformance=\"off\"  data-title=\"Slide\" data-param1=\"\" data-param2=\"\" data-param3=\"\" data-param4=\"\" data-param5=\"\" data-param6=\"\" data-param7=\"\" data-param8=\"\" data-param9=\"\" data-param10=\"\" data-description=\"\">\n\t\t<!-- MAIN IMAGE -->\n\t\t<img loading=\"lazy\" decoding=\"async\" src=\"https:\/\/cardiologialleida.com\/wp-content\/plugins\/revslider\/admin\/assets\/images\/dummy.png\"  alt=\"Diagn\u00f2stic Cardiorespiratori Lleida\" title=\"Diagn\u00f2stic Cardiorespiratori Lleida\"  width=\"840\" height=\"350\" data-lazyload=\"https:\/\/cardiologialleida.com\/wp-content\/uploads\/2015\/04\/slide-medicina-ecografia-carotidea-ecografo.jpg\" data-bgposition=\"center center\" data-bgfit=\"cover\" data-bgrepeat=\"no-repeat\" class=\"rev-slidebg\" data-no-retina>\n\t\t<!-- LAYERS -->\n\t<\/li>\n\t<!-- SLIDE  -->\n\t<li data-index=\"rs-31\" data-transition=\"fade\" data-slotamount=\"7\" data-hideafterloop=\"0\" data-hideslideonmobile=\"off\"  data-easein=\"default\" data-easeout=\"default\" data-thumb=\"https:\/\/cardiologialleida.com\/wp-content\/uploads\/2015\/04\/slide-medicina-ecografia-carotidea-ecografo-2-100x50.jpg\"  data-rotate=\"0\"  data-saveperformance=\"off\"  data-title=\"Slide\" data-param1=\"\" data-param2=\"\" data-param3=\"\" data-param4=\"\" data-param5=\"\" data-param6=\"\" data-param7=\"\" data-param8=\"\" data-param9=\"\" data-param10=\"\" data-description=\"\">\n\t\t<!-- MAIN IMAGE -->\n\t\t<img loading=\"lazy\" decoding=\"async\" src=\"https:\/\/cardiologialleida.com\/wp-content\/plugins\/revslider\/admin\/assets\/images\/dummy.png\"  alt=\"Diagn\u00f2stic Cardiorespiratori Lleida\" title=\"Diagn\u00f2stic Cardiorespiratori Lleida\"  width=\"840\" height=\"350\" data-lazyload=\"https:\/\/cardiologialleida.com\/wp-content\/uploads\/2015\/04\/slide-medicina-ecografia-carotidea-ecografo-2.jpg\" data-bgposition=\"center center\" data-bgfit=\"cover\" data-bgrepeat=\"no-repeat\" class=\"rev-slidebg\" data-no-retina>\n\t\t<!-- LAYERS -->\n\t<\/li>\n\t<!-- SLIDE  -->\n\t<li data-index=\"rs-30\" data-transition=\"fade\" data-slotamount=\"7\" data-hideafterloop=\"0\" data-hideslideonmobile=\"off\"  data-easein=\"default\" data-easeout=\"default\" data-thumb=\"https:\/\/cardiologialleida.com\/wp-content\/uploads\/2015\/04\/slide-medicina-ecografia-carotidea-ecografo-3-100x50.jpg\"  data-rotate=\"0\"  data-saveperformance=\"off\"  data-title=\"Slide\" data-param1=\"\" data-param2=\"\" data-param3=\"\" data-param4=\"\" data-param5=\"\" data-param6=\"\" data-param7=\"\" data-param8=\"\" data-param9=\"\" data-param10=\"\" data-description=\"\">\n\t\t<!-- MAIN IMAGE -->\n\t\t<img loading=\"lazy\" decoding=\"async\" src=\"https:\/\/cardiologialleida.com\/wp-content\/plugins\/revslider\/admin\/assets\/images\/dummy.png\"  alt=\"Diagn\u00f2stic Cardiorespiratori Lleida\" title=\"Diagn\u00f2stic Cardiorespiratori Lleida\"  width=\"840\" height=\"350\" data-lazyload=\"https:\/\/cardiologialleida.com\/wp-content\/uploads\/2015\/04\/slide-medicina-ecografia-carotidea-ecografo-3.jpg\" data-bgposition=\"center center\" data-bgfit=\"cover\" data-bgrepeat=\"no-repeat\" class=\"rev-slidebg\" data-no-retina>\n\t\t<!-- LAYERS -->\n\t<\/li>\n<\/ul>\n<script>var htmlDiv = document.getElementById(\"rs-plugin-settings-inline-css\"); var htmlDivCss=\"\";\r\n\t\t\t\t\t\tif(htmlDiv) {\r\n\t\t\t\t\t\t\thtmlDiv.innerHTML = htmlDiv.innerHTML + htmlDivCss;\r\n\t\t\t\t\t\t}else{\r\n\t\t\t\t\t\t\tvar htmlDiv = document.createElement(\"div\");\r\n\t\t\t\t\t\t\thtmlDiv.innerHTML = \"<style>\" + htmlDivCss + \"<\/style>\";\r\n\t\t\t\t\t\t\tdocument.getElementsByTagName(\"head\")[0].appendChild(htmlDiv.childNodes[0]);\r\n\t\t\t\t\t\t}\r\n\t\t\t\t\t<\/script>\n<div class=\"tp-bannertimer tp-bottom\" style=\"visibility: hidden !important;\"><\/div>\t<\/div>\n<script>var htmlDiv = document.getElementById(\"rs-plugin-settings-inline-css\"); var htmlDivCss=\"\";\r\n\t\t\t\tif(htmlDiv) {\r\n\t\t\t\t\thtmlDiv.innerHTML = htmlDiv.innerHTML + htmlDivCss;\r\n\t\t\t\t}else{\r\n\t\t\t\t\tvar htmlDiv = document.createElement(\"div\");\r\n\t\t\t\t\thtmlDiv.innerHTML = \"<style>\" + htmlDivCss + \"<\/style>\";\r\n\t\t\t\t\tdocument.getElementsByTagName(\"head\")[0].appendChild(htmlDiv.childNodes[0]);\r\n\t\t\t\t}\r\n\t\t\t<\/script>\n\t\t<script type=\"text\/javascript\">\r\nif (setREVStartSize!==undefined) setREVStartSize(\r\n\t{c: '#rev_slider_5_1', gridwidth: [960], gridheight: [400], sliderLayout: 'auto'});\r\n\t\t\t\r\nvar revapi5,\r\n\ttpj;\t\r\n(function() {\t\t\t\r\n\tif (!\/loaded|interactive|complete\/.test(document.readyState)) document.addEventListener(\"DOMContentLoaded\",onLoad); else onLoad();\t\r\n\tfunction onLoad() {\t\t\t\t\r\n\t\tif (tpj===undefined) { tpj = jQuery; if(\"on\" == \"on\") tpj.noConflict();}\r\n\tif(tpj(\"#rev_slider_5_1\").revolution == undefined){\n\t\trevslider_showDoubleJqueryError(\"#rev_slider_5_1\");\n\t}else{\n\t\trevapi5 = tpj(\"#rev_slider_5_1\").show().revolution({\n\t\t\tsliderType:\"standard\",\n\t\t\tjsFileLocation:\"\/\/cardiologialleida.com\/wp-content\/plugins\/revslider\/public\/assets\/js\/\",\n\t\t\tsliderLayout:\"auto\",\n\t\t\tdottedOverlay:\"none\",\n\t\t\tdelay:3500,\n\t\t\tnavigation: {\n\t\t\t\tkeyboardNavigation:\"off\",\n\t\t\t\tkeyboard_direction: \"horizontal\",\n\t\t\t\tmouseScrollNavigation:\"off\",\n \t\t\t\t\t\t\tmouseScrollReverse:\"default\",\n\t\t\t\tonHoverStop:\"on\",\n\t\t\t\ttouch:{\n\t\t\t\t\ttouchenabled:\"on\",\n\t\t\t\t\ttouchOnDesktop:\"off\",\n\t\t\t\t\tswipe_threshold: 75,\n\t\t\t\t\tswipe_min_touches: 1,\n\t\t\t\t\tswipe_direction: \"horizontal\",\n\t\t\t\t\tdrag_block_vertical: false\n\t\t\t\t}\n\t\t\t\t,\n\t\t\t\tarrows: {\n\t\t\t\t\tstyle:\"hesperiden\",\n\t\t\t\t\tenable:true,\n\t\t\t\t\thide_onmobile:false,\n\t\t\t\t\thide_onleave:false,\n\t\t\t\t\ttmp:'',\n\t\t\t\t\tleft: {\n\t\t\t\t\t\th_align:\"left\",\n\t\t\t\t\t\tv_align:\"center\",\n\t\t\t\t\t\th_offset:20,\n\t\t\t\t\t\tv_offset:0\n\t\t\t\t\t},\n\t\t\t\t\tright: {\n\t\t\t\t\t\th_align:\"right\",\n\t\t\t\t\t\tv_align:\"center\",\n\t\t\t\t\t\th_offset:20,\n\t\t\t\t\t\tv_offset:0\n\t\t\t\t\t}\n\t\t\t\t}\n\t\t\t},\n\t\t\tvisibilityLevels:[1240,1024,778,480],\n\t\t\tgridwidth:960,\n\t\t\tgridheight:400,\n\t\t\tlazyType:\"all\",\n\t\t\tshadow:0,\n\t\t\tspinner:\"spinner3\",\n\t\t\tstopLoop:\"off\",\n\t\t\tstopAfterLoops:-1,\n\t\t\tstopAtSlide:-1,\n\t\t\tshuffle:\"off\",\n\t\t\tautoHeight:\"off\",\n\t\t\tdisableProgressBar:\"on\",\n\t\t\thideThumbsOnMobile:\"off\",\n\t\t\thideSliderAtLimit:0,\n\t\t\thideCaptionAtLimit:0,\n\t\t\thideAllCaptionAtLilmit:0,\n\t\t\tdebugMode:false,\n\t\t\tfallbacks: {\n\t\t\t\tsimplifyAll:\"off\",\n\t\t\t\tnextSlideOnWindowFocus:\"off\",\n\t\t\t\tdisableFocusListener:false,\n\t\t\t}\n\t\t});\n\t}; \/* END OF revapi call *\/\n\t\n }; \/* END OF ON LOAD FUNCTION *\/\r\n}()); \/* END OF WRAPPING FUNCTION *\/\r\n<\/script>\r\n\t\t<script>\r\n\t\t\t\t\tvar htmlDivCss = '\t#rev_slider_5_1_wrapper .tp-loader.spinner3 div { background-color: #FFFFFF !important; } ';\r\n\t\t\t\t\tvar htmlDiv = document.getElementById('rs-plugin-settings-inline-css');\r\n\t\t\t\t\tif(htmlDiv) {\r\n\t\t\t\t\t\thtmlDiv.innerHTML = htmlDiv.innerHTML + htmlDivCss;\r\n\t\t\t\t\t}\r\n\t\t\t\t\telse{\r\n\t\t\t\t\t\tvar htmlDiv = document.createElement('div');\r\n\t\t\t\t\t\thtmlDiv.innerHTML = '<style>' + htmlDivCss + '<\/style>';\r\n\t\t\t\t\t\tdocument.getElementsByTagName('head')[0].appendChild(htmlDiv.childNodes[0]);\r\n\t\t\t\t\t}\r\n\t\t\t\t\t<\/script>\r\n\t\t\t\t\t<script>\r\n\t\t\t\t\tvar htmlDivCss = unescape(\".hesperiden.tparrows%20%7B%0A%09cursor%3Apointer%3B%0A%09background%3Argba%280%2C0%2C0%2C0.5%29%3B%0A%09width%3A40px%3B%0A%09height%3A40px%3B%0A%09position%3Aabsolute%3B%0A%09display%3Ablock%3B%0A%09z-index%3A100%3B%0A%20%20%20%20border-radius%3A%2050%25%3B%0A%7D%0A.hesperiden.tparrows%3Ahover%20%7B%0A%09background%3Argba%280%2C%200%2C%200%2C%201%29%3B%0A%7D%0A.hesperiden.tparrows%3Abefore%20%7B%0A%09font-family%3A%20%22revicons%22%3B%0A%09font-size%3A20px%3B%0A%09color%3Argb%28255%2C%20255%2C%20255%29%3B%0A%09display%3Ablock%3B%0A%09line-height%3A%2040px%3B%0A%09text-align%3A%20center%3B%0A%7D%0A.hesperiden.tparrows.tp-leftarrow%3Abefore%20%7B%0A%09content%3A%20%22%5Ce82c%22%3B%0A%20%20%20%20margin-left%3A-3px%3B%0A%7D%0A.hesperiden.tparrows.tp-rightarrow%3Abefore%20%7B%0A%09content%3A%20%22%5Ce82d%22%3B%0A%20%20%20%20margin-right%3A-3px%3B%0A%7D%0A\");\r\n\t\t\t\t\tvar htmlDiv = document.getElementById('rs-plugin-settings-inline-css');\r\n\t\t\t\t\tif(htmlDiv) {\r\n\t\t\t\t\t\thtmlDiv.innerHTML = htmlDiv.innerHTML + htmlDivCss;\r\n\t\t\t\t\t}\r\n\t\t\t\t\telse{\r\n\t\t\t\t\t\tvar htmlDiv = document.createElement('div');\r\n\t\t\t\t\t\thtmlDiv.innerHTML = '<style>' + htmlDivCss + '<\/style>';\r\n\t\t\t\t\t\tdocument.getElementsByTagName('head')[0].appendChild(htmlDiv.childNodes[0]);\r\n\t\t\t\t\t}\r\n\t\t\t\t  <\/script>\r\n\t\t\t\t<\/div><!-- END REVOLUTION SLIDER -->\n\t\t<\/div> \n\t<\/div> <\/div> <div class=\"blank_spacer\" style=\"height:30px;\"><\/div>\n <div class=\"row-fluid\">\n\t<div class=\"wpb_content_element span12 especTexte2 cardio wpb_text_column pb-margin-bottom\">\n\t\t<div class=\"wpb_wrapper clearfix\">\n\t\t\t\n<p><span style=\"color: #da0812;\">Tabaquismo<\/span><br \/>\nEs una de las adicciones actuales m\u00e1s comunes. Afecta a un 38% de los j\u00f3venes entre los 18 y los 25 a\u00f1os. El tabaquismo genera factores de riesgo m\u00e1s amplios, como las enfermedades cardiovasculares o el c\u00e1ncer. De hecho, est\u00e1 directamente relacionado con la aparici\u00f3n de 10 tipos de c\u00e1ncer y de m\u00e1s de la mitad de las enfermedades cardiovasculares.<\/p>\n<p>&nbsp;<\/p>\n<p><span style=\"color: #da0812;\">Obesidad<\/span><br \/>\nSe trata de una enfermedad cr\u00f3nica ocasionada por varios factores que se genera por una acumulaci\u00f3n excesiva de grasas. El sobrepeso y la obesidad son el quinto factor m\u00e1s importante de riesgo de muerte en el mundo. Solo una tercera parte de la poblaci\u00f3n espa\u00f1ola se encuentra en su peso ideal.<\/p>\n<p>En Espa\u00f1a, la obesidad infantil es superior a la de los EEUU. El umbral de la obesidad lo marca el IMC (\u00cdndice de Masa Corporal). Cuando \u00e9ste, resultado del cociente entre la altura y el peso de una persona al cuadrado, supera el valor 30, hablamos de obesidad. Es un factor de riesgo para la diabetes, la hipertensi\u00f3n y las enfermedades cardiovasculares.<\/p>\n<p>&nbsp;<\/p>\n<p><span style=\"color: #da0812;\">Hipertensi\u00f3n<br \/>\n<\/span>Derivada de una presi\u00f3n alta en el interior de las arterias. Se mide la fuerza ejercida en las paredes de las arterias cuando el coraz\u00f3n est\u00e1 bombeando sangre. La lectura de este registro tiene que estar entre 140 \/ 90 mmHG (mil\u00edmetros de mercurio). El valor m\u00e1s alto corresponde a la presi\u00f3n arterial sist\u00f3lica y el m\u00e1s bajo al de la presi\u00f3n arterial diast\u00f3lica.<\/p>\n<p>Para controlar la hipertensi\u00f3n, recomendamos potenciar un estilo de vida saludable, basado en h\u00e1bitos diet\u00e9tico-higi\u00e9nicos. Se tiene riesgo de sufrir la hipertensi\u00f3n con la obesidad, el estr\u00e9s, un abuso del alcohol, la diabetes, antecedentes familiares o el tabaquismo. Se puede regular con el uso de la medicaci\u00f3n.<\/p>\n<p>&nbsp;<\/p>\n<p><span style=\"color: #da0812;\">Diabetes<\/span><br \/>\nEs un s\u00edndrome que altera el metabolismo y provoca un nivel de glucosa demasiado elevado en la sangre. Se manifiesta porque el p\u00e1ncreas, el \u00f3rgano que segrega la insulina, no la genera.<br \/>\nExisten dos tipos:<\/p>\n<ul>\n<li>Tipo 1.\u00a0Es una enfermedad gen\u00e9tica y autoinmune que destruye las c\u00e9lulas del p\u00e1ncreas que producen la insulina. En este caso, el paciente depende del suministro de la insulina.<\/li>\n<li>Tipo 2.\u00a0Caracterizada por niveles altos de glucosa en la sangre y una deficiencia relativa la insulina. M\u00e1s relacionada con el estilo de vida (sedentarismo y alimentaci\u00f3n), el paciente muestra una resistencia a la insulina que se debe controlar inicialmente con una dieta y posteriormente con medicaci\u00f3n. Resulta determinante para la formaci\u00f3n de infartos, ictus, diabetes y la arteriosclerosis.<\/li>\n<\/ul>\n<p>&nbsp;<\/p>\n<p><span style=\"color: #da0812;\">Hipercolesterolemia<\/span><br \/>\nElevaci\u00f3n de la cantidad de colesterol en sangre hasta unos valores superiores a los 250 mg\/dl (cantidad de suero o muestra en el compuesto). Comporta un riesgo de enfermedades cardiovasculares. Diferenciamos 2 tipos de colesterol:<\/p>\n<ul>\n<li>LDL.\u00a0Se conoce como colesterol malo y es el que transporta el h\u00edgado hasta los tejidos. \u00c9ste, una vez depositado en los vasos sangu\u00edneos, comporta un riesgo de enfermedades cardiovasculares.<\/li>\n<li>HDL.\u00a0Conocido como colesterol bueno. Viaja desde los tejidos hasta el h\u00edgado sin dejar colesterol en los vasos. En este caso, un registro elevado indica protecci\u00f3n cardiovascular.<\/li>\n<\/ul>\n<p>&nbsp;<\/p>\n<p><span style=\"color: #da0812;\">Apnea del sue\u00f1o<\/span><br \/>\nLa apnea del sue\u00f1o (SAHOS) es una enfermedad que consiste en el cierre parcial (hipoapnea) o total (apnea) de la v\u00eda a\u00e9rea superior durante el sue\u00f1o. Como consecuencia de \u00e9sta, disminuye la oxigenaci\u00f3n y se producen trastornos del sue\u00f1o. Afecta a entre 4 y un 6% de los hombres y a entre un 2 y un 4% de las mujeres.<br \/>\nSus s\u00edntomas son los:<\/p>\n<ul>\n<li>Ronquidos continuados.<\/li>\n<li>Disminuci\u00f3n o interrupci\u00f3n de la respiraci\u00f3n durante el sue\u00f1o.<\/li>\n<li>Mal descanso nocturno que deriva en una somnolencia diurna con el peligro de sufrir accidentes laborales o de tr\u00e1fico.<\/li>\n<li>Cefalea matutina.<\/li>\n<li>Cambio de car\u00e1cter, dificultad para la concentraci\u00f3n o p\u00e9rdida de la memoria.<\/li>\n<\/ul>\n<p>La apnea del sue\u00f1o puede empeorar la tensi\u00f3n arterial y desencadenar patolog\u00edas card\u00edacas, como las arritmias. Para diagnosticarla, se realiza la polisomnograf\u00eda, en la que se registran diferentes par\u00e1metros del sue\u00f1o (saturaci\u00f3n de ox\u00edgeno, ronquidos, frecuencia card\u00edaca, flujo respiratorio, etc.) Para tratar la apnea del sue\u00f1o, aconsejamos controlar el peso, las medidas higi\u00e9nico-diet\u00e9ticas, evitar sedantes y no fumar.<\/p>\n\n\t\t<\/div> \n\t<\/div> <\/div> <div class=\"blank_spacer\" style=\"height:30px;\"><\/div>\n\n","protected":false},"excerpt":{"rendered":"","protected":false},"author":1,"featured_media":0,"parent":946,"menu_order":0,"comment_status":"closed","ping_status":"closed","template":"","meta":{"_monsterinsights_skip_tracking":false,"_monsterinsights_sitenote_active":false,"_monsterinsights_sitenote_note":"","_monsterinsights_sitenote_category":0,"footnotes":""},"class_list":["post-947","page","type-page","status-publish","hentry"],"yoast_head":"<!-- This site is optimized with the Yoast SEO plugin v27.4 - https:\/\/yoast.com\/product\/yoast-seo-wordpress\/ -->\n<title>Enfermedades - Diagn\u00f2stic Cardiorespiratori<\/title>\n<meta name=\"robots\" content=\"index, follow, max-snippet:-1, max-image-preview:large, max-video-preview:-1\" \/>\n<link rel=\"canonical\" href=\"https:\/\/cardiologialleida.com\/es\/medicina-interna\/enfermedades\/\" \/>\n<meta property=\"og:locale\" content=\"es_ES\" \/>\n<meta property=\"og:type\" content=\"article\" \/>\n<meta property=\"og:title\" content=\"Enfermedades - Diagn\u00f2stic Cardiorespiratori\" \/>\n<meta property=\"og:description\" content=\"Centre d\u2019Osteopatia Cl\u00ednica especialitzat en el tractament de lesions vertebrals, viscerals i cranials. Centre pioner a la ciutat de Lleida en especialitats com la osteopatia pedi\u00e0trica i ginecol\u00f2gica.\" \/>\n<meta property=\"og:url\" content=\"https:\/\/cardiologialleida.com\/es\/medicina-interna\/enfermedades\/\" \/>\n<meta property=\"og:site_name\" content=\"Diagn\u00f2stic Cardiorespiratori\" \/>\n<meta property=\"article:modified_time\" content=\"2015-04-22T11:06:45+00:00\" \/>\n<meta property=\"og:image\" content=\"https:\/\/cardiologialleida.com\/wp-content\/uploads\/2015\/04\/cardiologialleida-centre-diagnostic-cardiovascular.png\" \/>\n\t<meta property=\"og:image:width\" content=\"1268\" \/>\n\t<meta property=\"og:image:height\" content=\"936\" \/>\n\t<meta property=\"og:image:type\" content=\"image\/png\" \/>\n<meta name=\"twitter:label1\" content=\"Tiempo de lectura\" \/>\n\t<meta name=\"twitter:data1\" content=\"4 minutos\" \/>\n<script type=\"application\/ld+json\" class=\"yoast-schema-graph\">{\"@context\":\"https:\\\/\\\/schema.org\",\"@graph\":[{\"@type\":\"WebPage\",\"@id\":\"https:\\\/\\\/cardiologialleida.com\\\/es\\\/medicina-interna\\\/enfermedades\\\/\",\"url\":\"https:\\\/\\\/cardiologialleida.com\\\/es\\\/medicina-interna\\\/enfermedades\\\/\",\"name\":\"Enfermedades - Diagn\u00f2stic Cardiorespiratori\",\"isPartOf\":{\"@id\":\"https:\\\/\\\/cardiologialleida.com\\\/es\\\/#website\"},\"datePublished\":\"2013-08-22T07:31:38+00:00\",\"dateModified\":\"2015-04-22T11:06:45+00:00\",\"breadcrumb\":{\"@id\":\"https:\\\/\\\/cardiologialleida.com\\\/es\\\/medicina-interna\\\/enfermedades\\\/#breadcrumb\"},\"inLanguage\":\"es\",\"potentialAction\":[{\"@type\":\"ReadAction\",\"target\":[\"https:\\\/\\\/cardiologialleida.com\\\/es\\\/medicina-interna\\\/enfermedades\\\/\"]}]},{\"@type\":\"BreadcrumbList\",\"@id\":\"https:\\\/\\\/cardiologialleida.com\\\/es\\\/medicina-interna\\\/enfermedades\\\/#breadcrumb\",\"itemListElement\":[{\"@type\":\"ListItem\",\"position\":1,\"name\":\"Inici\",\"item\":\"https:\\\/\\\/cardiologialleida.com\\\/es\\\/\"},{\"@type\":\"ListItem\",\"position\":2,\"name\":\"Medicina Interna\",\"item\":\"https:\\\/\\\/cardiologialleida.com\\\/es\\\/medicina-interna\\\/\"},{\"@type\":\"ListItem\",\"position\":3,\"name\":\"Enfermedades\"}]},{\"@type\":\"WebSite\",\"@id\":\"https:\\\/\\\/cardiologialleida.com\\\/es\\\/#website\",\"url\":\"https:\\\/\\\/cardiologialleida.com\\\/es\\\/\",\"name\":\"Diagn\u00f2stic Cardiorespiratori\",\"description\":\"Centre Cardiologia Lleida\",\"potentialAction\":[{\"@type\":\"SearchAction\",\"target\":{\"@type\":\"EntryPoint\",\"urlTemplate\":\"https:\\\/\\\/cardiologialleida.com\\\/es\\\/?s={search_term_string}\"},\"query-input\":{\"@type\":\"PropertyValueSpecification\",\"valueRequired\":true,\"valueName\":\"search_term_string\"}}],\"inLanguage\":\"es\"}]}<\/script>\n<!-- \/ Yoast SEO plugin. -->","yoast_head_json":{"title":"Enfermedades - Diagn\u00f2stic Cardiorespiratori","robots":{"index":"index","follow":"follow","max-snippet":"max-snippet:-1","max-image-preview":"max-image-preview:large","max-video-preview":"max-video-preview:-1"},"canonical":"https:\/\/cardiologialleida.com\/es\/medicina-interna\/enfermedades\/","og_locale":"es_ES","og_type":"article","og_title":"Enfermedades - Diagn\u00f2stic Cardiorespiratori","og_description":"Centre d\u2019Osteopatia Cl\u00ednica especialitzat en el tractament de lesions vertebrals, viscerals i cranials. Centre pioner a la ciutat de Lleida en especialitats com la osteopatia pedi\u00e0trica i ginecol\u00f2gica.","og_url":"https:\/\/cardiologialleida.com\/es\/medicina-interna\/enfermedades\/","og_site_name":"Diagn\u00f2stic Cardiorespiratori","article_modified_time":"2015-04-22T11:06:45+00:00","og_image":[{"width":1268,"height":936,"url":"https:\/\/cardiologialleida.com\/wp-content\/uploads\/2015\/04\/cardiologialleida-centre-diagnostic-cardiovascular.png","type":"image\/png"}],"twitter_misc":{"Tiempo de lectura":"4 minutos"},"schema":{"@context":"https:\/\/schema.org","@graph":[{"@type":"WebPage","@id":"https:\/\/cardiologialleida.com\/es\/medicina-interna\/enfermedades\/","url":"https:\/\/cardiologialleida.com\/es\/medicina-interna\/enfermedades\/","name":"Enfermedades - Diagn\u00f2stic Cardiorespiratori","isPartOf":{"@id":"https:\/\/cardiologialleida.com\/es\/#website"},"datePublished":"2013-08-22T07:31:38+00:00","dateModified":"2015-04-22T11:06:45+00:00","breadcrumb":{"@id":"https:\/\/cardiologialleida.com\/es\/medicina-interna\/enfermedades\/#breadcrumb"},"inLanguage":"es","potentialAction":[{"@type":"ReadAction","target":["https:\/\/cardiologialleida.com\/es\/medicina-interna\/enfermedades\/"]}]},{"@type":"BreadcrumbList","@id":"https:\/\/cardiologialleida.com\/es\/medicina-interna\/enfermedades\/#breadcrumb","itemListElement":[{"@type":"ListItem","position":1,"name":"Inici","item":"https:\/\/cardiologialleida.com\/es\/"},{"@type":"ListItem","position":2,"name":"Medicina Interna","item":"https:\/\/cardiologialleida.com\/es\/medicina-interna\/"},{"@type":"ListItem","position":3,"name":"Enfermedades"}]},{"@type":"WebSite","@id":"https:\/\/cardiologialleida.com\/es\/#website","url":"https:\/\/cardiologialleida.com\/es\/","name":"Diagn\u00f2stic Cardiorespiratori","description":"Centre Cardiologia Lleida","potentialAction":[{"@type":"SearchAction","target":{"@type":"EntryPoint","urlTemplate":"https:\/\/cardiologialleida.com\/es\/?s={search_term_string}"},"query-input":{"@type":"PropertyValueSpecification","valueRequired":true,"valueName":"search_term_string"}}],"inLanguage":"es"}]}},"_links":{"self":[{"href":"https:\/\/cardiologialleida.com\/es\/wp-json\/wp\/v2\/pages\/947","targetHints":{"allow":["GET"]}}],"collection":[{"href":"https:\/\/cardiologialleida.com\/es\/wp-json\/wp\/v2\/pages"}],"about":[{"href":"https:\/\/cardiologialleida.com\/es\/wp-json\/wp\/v2\/types\/page"}],"author":[{"embeddable":true,"href":"https:\/\/cardiologialleida.com\/es\/wp-json\/wp\/v2\/users\/1"}],"replies":[{"embeddable":true,"href":"https:\/\/cardiologialleida.com\/es\/wp-json\/wp\/v2\/comments?post=947"}],"version-history":[{"count":2,"href":"https:\/\/cardiologialleida.com\/es\/wp-json\/wp\/v2\/pages\/947\/revisions"}],"predecessor-version":[{"id":962,"href":"https:\/\/cardiologialleida.com\/es\/wp-json\/wp\/v2\/pages\/947\/revisions\/962"}],"up":[{"embeddable":true,"href":"https:\/\/cardiologialleida.com\/es\/wp-json\/wp\/v2\/pages\/946"}],"wp:attachment":[{"href":"https:\/\/cardiologialleida.com\/es\/wp-json\/wp\/v2\/media?parent=947"}],"curies":[{"name":"wp","href":"https:\/\/api.w.org\/{rel}","templated":true}]}}