{"id":944,"date":"2013-08-22T08:31:38","date_gmt":"2013-08-22T07:31:38","guid":{"rendered":"http:\/\/cardiologialleida.com\/cardiologia-2\/malalties\/"},"modified":"2015-04-22T11:56:42","modified_gmt":"2015-04-22T10:56:42","slug":"enfermedades","status":"publish","type":"page","link":"https:\/\/cardiologialleida.com\/es\/cardiologia\/enfermedades\/","title":{"rendered":"Enfermedades"},"content":{"rendered":"<div class=\"row-fluid\">\n\t<div class=\"wpb_showcase_widget full-width wpb_content_element span12 EspecSlider\">\n\t\t<div class=\"wpb_wrapper showcase-wrap\">\n\t\t\t\t\n<div id=\"rev_slider_4_1_wrapper\" class=\"rev_slider_wrapper fullwidthbanner-container\" data-source=\"gallery\" style=\"margin:0px auto;background:#E9E9E9;padding:0px;margin-top:0px;margin-bottom:0px;\">\n<!-- START REVOLUTION SLIDER 5.4.8.3 auto mode -->\n\t<div id=\"rev_slider_4_1\" class=\"rev_slider fullwidthabanner\" style=\"display:none;\" data-version=\"5.4.8.3\">\n<ul>\t<!-- SLIDE  -->\n\t<li data-index=\"rs-16\" data-transition=\"fade\" data-slotamount=\"7\" data-hideafterloop=\"0\" data-hideslideonmobile=\"off\"  data-easein=\"default\" data-easeout=\"default\" data-masterspeed=\"300\"  data-rotate=\"0\"  data-saveperformance=\"off\"  data-title=\"Slide\" data-param1=\"\" data-param2=\"\" data-param3=\"\" data-param4=\"\" data-param5=\"\" data-param6=\"\" data-param7=\"\" data-param8=\"\" data-param9=\"\" data-param10=\"\" data-description=\"\">\n\t\t<!-- MAIN IMAGE -->\n\t\t<img loading=\"lazy\" decoding=\"async\" src=\"https:\/\/cardiologialleida.com\/wp-content\/plugins\/revslider\/admin\/assets\/images\/dummy.png\"  alt=\"Cardiologia Lleida\" title=\"slide-cardio-ecocardiograma-doppler-color\"  width=\"840\" height=\"350\" data-lazyload=\"https:\/\/cardiologialleida.com\/wp-content\/uploads\/2015\/04\/slide-cardio-ecocardiograma-doppler-color.jpg\" data-bgposition=\"center center\" data-bgfit=\"cover\" data-bgrepeat=\"no-repeat\" class=\"rev-slidebg\" data-no-retina>\n\t\t<!-- LAYERS -->\n\t<\/li>\n\t<!-- SLIDE  -->\n\t<li data-index=\"rs-25\" data-transition=\"fade\" data-slotamount=\"7\" data-hideafterloop=\"0\" data-hideslideonmobile=\"off\"  data-easein=\"default\" data-easeout=\"default\" data-masterspeed=\"300\"  data-rotate=\"0\"  data-saveperformance=\"off\"  data-title=\"Slide\" data-param1=\"\" data-param2=\"\" data-param3=\"\" data-param4=\"\" data-param5=\"\" data-param6=\"\" data-param7=\"\" data-param8=\"\" data-param9=\"\" data-param10=\"\" data-description=\"\">\n\t\t<!-- MAIN IMAGE -->\n\t\t<img loading=\"lazy\" decoding=\"async\" src=\"https:\/\/cardiologialleida.com\/wp-content\/plugins\/revslider\/admin\/assets\/images\/dummy.png\"  alt=\"Cardiologia Lleida\" title=\"slide-cardio-ecocardiograma-estructural\"  width=\"840\" height=\"350\" data-lazyload=\"https:\/\/cardiologialleida.com\/wp-content\/uploads\/2015\/04\/slide-cardio-ecocardiograma-estructural.jpg\" data-bgposition=\"center center\" data-bgfit=\"cover\" data-bgrepeat=\"no-repeat\" class=\"rev-slidebg\" data-no-retina>\n\t\t<!-- LAYERS -->\n\t<\/li>\n\t<!-- SLIDE  -->\n\t<li data-index=\"rs-24\" data-transition=\"fade\" data-slotamount=\"7\" data-hideafterloop=\"0\" data-hideslideonmobile=\"off\"  data-easein=\"default\" data-easeout=\"default\" data-masterspeed=\"300\"  data-rotate=\"0\"  data-saveperformance=\"off\"  data-title=\"Slide\" data-param1=\"\" data-param2=\"\" data-param3=\"\" data-param4=\"\" data-param5=\"\" data-param6=\"\" data-param7=\"\" data-param8=\"\" data-param9=\"\" data-param10=\"\" data-description=\"\">\n\t\t<!-- MAIN IMAGE -->\n\t\t<img loading=\"lazy\" decoding=\"async\" src=\"https:\/\/cardiologialleida.com\/wp-content\/plugins\/revslider\/admin\/assets\/images\/dummy.png\"  alt=\"Cardiologia Lleida\" title=\"slide-cardio-ecocardiograma\"  width=\"840\" height=\"350\" data-lazyload=\"https:\/\/cardiologialleida.com\/wp-content\/uploads\/2015\/04\/slide-cardio-ecocardiograma.jpg\" data-bgposition=\"center center\" data-bgfit=\"cover\" data-bgrepeat=\"no-repeat\" class=\"rev-slidebg\" data-no-retina>\n\t\t<!-- LAYERS -->\n\t<\/li>\n\t<!-- SLIDE  -->\n\t<li data-index=\"rs-23\" data-transition=\"fade\" data-slotamount=\"7\" data-hideafterloop=\"0\" data-hideslideonmobile=\"off\"  data-easein=\"default\" data-easeout=\"default\" data-masterspeed=\"300\"  data-rotate=\"0\"  data-saveperformance=\"off\"  data-title=\"Slide\" data-param1=\"\" data-param2=\"\" data-param3=\"\" data-param4=\"\" data-param5=\"\" data-param6=\"\" data-param7=\"\" data-param8=\"\" data-param9=\"\" data-param10=\"\" data-description=\"\">\n\t\t<!-- MAIN IMAGE -->\n\t\t<img loading=\"lazy\" decoding=\"async\" src=\"https:\/\/cardiologialleida.com\/wp-content\/plugins\/revslider\/admin\/assets\/images\/dummy.png\"  alt=\"Cardiologia Lleida\" title=\"slide-cardio-registre-presio-arterial-24h\"  width=\"840\" height=\"350\" data-lazyload=\"https:\/\/cardiologialleida.com\/wp-content\/uploads\/2015\/04\/slide-cardio-registre-presio-arterial-24h.jpg\" data-bgposition=\"center center\" data-bgfit=\"cover\" data-bgrepeat=\"no-repeat\" class=\"rev-slidebg\" data-no-retina>\n\t\t<!-- LAYERS -->\n\t<\/li>\n\t<!-- SLIDE  -->\n\t<li data-index=\"rs-22\" data-transition=\"fade\" data-slotamount=\"7\" data-hideafterloop=\"0\" data-hideslideonmobile=\"off\"  data-easein=\"default\" data-easeout=\"default\" data-masterspeed=\"300\"  data-rotate=\"0\"  data-saveperformance=\"off\"  data-title=\"Slide\" data-param1=\"\" data-param2=\"\" data-param3=\"\" data-param4=\"\" data-param5=\"\" data-param6=\"\" data-param7=\"\" data-param8=\"\" data-param9=\"\" data-param10=\"\" data-description=\"\">\n\t\t<!-- MAIN IMAGE -->\n\t\t<img loading=\"lazy\" decoding=\"async\" src=\"https:\/\/cardiologialleida.com\/wp-content\/plugins\/revslider\/admin\/assets\/images\/dummy.png\"  alt=\"Cardiologia Lleida\" title=\"slide-cardio002-(electrocardiograma)\"  width=\"840\" height=\"350\" data-lazyload=\"https:\/\/cardiologialleida.com\/wp-content\/uploads\/2015\/04\/slide-cardio002-electrocardiograma.jpg\" data-bgposition=\"center center\" data-bgfit=\"cover\" data-bgrepeat=\"no-repeat\" class=\"rev-slidebg\" data-no-retina>\n\t\t<!-- LAYERS -->\n\t<\/li>\n\t<!-- SLIDE  -->\n\t<li data-index=\"rs-21\" data-transition=\"fade\" data-slotamount=\"7\" data-hideafterloop=\"0\" data-hideslideonmobile=\"off\"  data-easein=\"default\" data-easeout=\"default\" data-masterspeed=\"300\"  data-rotate=\"0\"  data-saveperformance=\"off\"  data-title=\"Slide\" data-param1=\"\" data-param2=\"\" data-param3=\"\" data-param4=\"\" data-param5=\"\" data-param6=\"\" data-param7=\"\" data-param8=\"\" data-param9=\"\" data-param10=\"\" data-description=\"\">\n\t\t<!-- MAIN IMAGE -->\n\t\t<img loading=\"lazy\" decoding=\"async\" src=\"https:\/\/cardiologialleida.com\/wp-content\/plugins\/revslider\/admin\/assets\/images\/dummy.png\"  alt=\"Cardiologia Lleida\" title=\"slide-electrocardiograma\"  width=\"840\" height=\"350\" data-lazyload=\"https:\/\/cardiologialleida.com\/wp-content\/uploads\/2015\/04\/slide-electrocardiograma.jpg\" data-bgposition=\"center center\" data-bgfit=\"cover\" data-bgrepeat=\"no-repeat\" class=\"rev-slidebg\" data-no-retina>\n\t\t<!-- LAYERS -->\n\t<\/li>\n<\/ul>\n<div class=\"tp-bannertimer tp-bottom\" style=\"visibility: hidden !important;\"><\/div>\t<\/div>\n<script>var htmlDiv = document.getElementById(\"rs-plugin-settings-inline-css\"); var htmlDivCss=\"\";\r\n\t\t\t\tif(htmlDiv) {\r\n\t\t\t\t\thtmlDiv.innerHTML = htmlDiv.innerHTML + htmlDivCss;\r\n\t\t\t\t}else{\r\n\t\t\t\t\tvar htmlDiv = document.createElement(\"div\");\r\n\t\t\t\t\thtmlDiv.innerHTML = \"<style>\" + htmlDivCss + \"<\/style>\";\r\n\t\t\t\t\tdocument.getElementsByTagName(\"head\")[0].appendChild(htmlDiv.childNodes[0]);\r\n\t\t\t\t}\r\n\t\t\t<\/script>\n\t\t<script type=\"text\/javascript\">\r\nif (setREVStartSize!==undefined) setREVStartSize(\r\n\t{c: '#rev_slider_4_1', gridwidth: [960], gridheight: [400], sliderLayout: 'auto'});\r\n\t\t\t\r\nvar revapi4,\r\n\ttpj;\t\r\n(function() {\t\t\t\r\n\tif (!\/loaded|interactive|complete\/.test(document.readyState)) document.addEventListener(\"DOMContentLoaded\",onLoad); else onLoad();\t\r\n\tfunction onLoad() {\t\t\t\t\r\n\t\tif (tpj===undefined) { tpj = jQuery; if(\"on\" == \"on\") tpj.noConflict();}\r\n\tif(tpj(\"#rev_slider_4_1\").revolution == undefined){\n\t\trevslider_showDoubleJqueryError(\"#rev_slider_4_1\");\n\t}else{\n\t\trevapi4 = tpj(\"#rev_slider_4_1\").show().revolution({\n\t\t\tsliderType:\"standard\",\n\t\t\tjsFileLocation:\"\/\/cardiologialleida.com\/wp-content\/plugins\/revslider\/public\/assets\/js\/\",\n\t\t\tsliderLayout:\"auto\",\n\t\t\tdottedOverlay:\"none\",\n\t\t\tdelay:3500,\n\t\t\tnavigation: {\n\t\t\t\tkeyboardNavigation:\"off\",\n\t\t\t\tkeyboard_direction: \"horizontal\",\n\t\t\t\tmouseScrollNavigation:\"off\",\n \t\t\t\t\t\t\tmouseScrollReverse:\"default\",\n\t\t\t\tonHoverStop:\"on\",\n\t\t\t\ttouch:{\n\t\t\t\t\ttouchenabled:\"on\",\n\t\t\t\t\ttouchOnDesktop:\"off\",\n\t\t\t\t\tswipe_threshold: 75,\n\t\t\t\t\tswipe_min_touches: 1,\n\t\t\t\t\tswipe_direction: \"horizontal\",\n\t\t\t\t\tdrag_block_vertical: false\n\t\t\t\t}\n\t\t\t},\n\t\t\tvisibilityLevels:[1240,1024,778,480],\n\t\t\tgridwidth:960,\n\t\t\tgridheight:400,\n\t\t\tlazyType:\"all\",\n\t\t\tshadow:0,\n\t\t\tspinner:\"spinner3\",\n\t\t\tstopLoop:\"off\",\n\t\t\tstopAfterLoops:-1,\n\t\t\tstopAtSlide:-1,\n\t\t\tshuffle:\"off\",\n\t\t\tautoHeight:\"off\",\n\t\t\tdisableProgressBar:\"on\",\n\t\t\thideThumbsOnMobile:\"off\",\n\t\t\thideSliderAtLimit:0,\n\t\t\thideCaptionAtLimit:0,\n\t\t\thideAllCaptionAtLilmit:0,\n\t\t\tdebugMode:false,\n\t\t\tfallbacks: {\n\t\t\t\tsimplifyAll:\"off\",\n\t\t\t\tnextSlideOnWindowFocus:\"off\",\n\t\t\t\tdisableFocusListener:false,\n\t\t\t}\n\t\t});\n\t}; \/* END OF revapi call *\/\n\t\n }; \/* END OF ON LOAD FUNCTION *\/\r\n}()); \/* END OF WRAPPING FUNCTION *\/\r\n<\/script>\r\n\t\t<script>\r\n\t\t\t\t\tvar htmlDivCss = '\t#rev_slider_4_1_wrapper .tp-loader.spinner3 div { background-color: #FFFFFF !important; } ';\r\n\t\t\t\t\tvar htmlDiv = document.getElementById('rs-plugin-settings-inline-css');\r\n\t\t\t\t\tif(htmlDiv) {\r\n\t\t\t\t\t\thtmlDiv.innerHTML = htmlDiv.innerHTML + htmlDivCss;\r\n\t\t\t\t\t}\r\n\t\t\t\t\telse{\r\n\t\t\t\t\t\tvar htmlDiv = document.createElement('div');\r\n\t\t\t\t\t\thtmlDiv.innerHTML = '<style>' + htmlDivCss + '<\/style>';\r\n\t\t\t\t\t\tdocument.getElementsByTagName('head')[0].appendChild(htmlDiv.childNodes[0]);\r\n\t\t\t\t\t}\r\n\t\t\t\t\t<\/script>\r\n\t\t\t\t\t<\/div><!-- END REVOLUTION SLIDER -->\n\t\t<\/div> \n\t<\/div> <\/div> <div class=\"blank_spacer\" style=\"height:30px;\"><\/div>\n <div class=\"row-fluid\">\n\t<div class=\"wpb_content_element span12 especTexte2 cardio wpb_text_column pb-margin-bottom\">\n\t\t<div class=\"wpb_wrapper clearfix\">\n\t\t\t\n<p><span style=\"color: #da0812;\">Cardiopat\u00eda isqu\u00e9mica<\/span><br \/>\nUna de las enfermedades actuales m\u00e1s com\u00fan. Es consecuencia de los factores de riesgo cardiovasculares y provoca una alteraci\u00f3n de las paredes de los vasos sangu\u00edneos por la acumulaci\u00f3n de l\u00edpidos. \u00c9stos se hacen m\u00e1s peque\u00f1os.<\/p>\n<p>&nbsp;<\/p>\n<p><span style=\"color: #da0812;\">Angina de pecho<\/span><br \/>\nSe trata de la obstrucci\u00f3n parcial de las arterias coronarias. El coraz\u00f3n se ve obligado a hacer un esfuerzo m\u00e1s grande sin disponer de m\u00e1s riego sangu\u00edneo.<br \/>\nEn el momento en que las arterias no se ajustan a la demanda de sangre, el coraz\u00f3n da un aviso de dolor al cerebro. La causa general es la arteriosclerosis. Para tratarla, el paciente tiene que modificar los factores de riesgo que la generan (tabaco, sobrepeso o sedentarismo).<\/p>\n<p>&nbsp;<\/p>\n<p><span style=\"color: #da0812;\">Infarto de miocardio<\/span><br \/>\nEs la necrosis (muerte) del tejido card\u00edaco por culpa de la interrupci\u00f3n de la circulaci\u00f3n de la sangre al coraz\u00f3n. Tienen m\u00e1s riesgo de sufrirlo las personas que acumulan factores de riesgo: fumadoras, colesterol alto, elevada tensi\u00f3n arterial o diab\u00e9ticas. Los s\u00edntomas principales aparecen con un dolor intenso en el pecho, el sudor fr\u00edo o las dificultades para respirar.<\/p>\n<p>&nbsp;<\/p>\n<p><span style=\"color: #da0812;\">Insuficiencia card\u00edaca<\/span><br \/>\nMomento en que se produce un desequilibrio entre la capacidad del coraz\u00f3n para bombear sangre y las necesidades que tiene el cuerpo de \u00e9sta. Este s\u00edndrome aparece con s\u00edntomas como la carencia de aire, el cansancio o la dificultad de respirar correctamente. El coraz\u00f3n expulsa mal la sangre. Una de las causas que puede derivar en la insuficiencia card\u00edaca es la cardiopat\u00eda isqu\u00e9mica, las enfermedades del m\u00fasculo card\u00edaco, las alteraciones valvulares o las enfermedades cong\u00e9nitas.<\/p>\n<p>&nbsp;<\/p>\n<p><span style=\"color: #da0812;\">Valvulopat\u00eda<\/span><br \/>\nEnfermedad propia de las v\u00e1lvulas del coraz\u00f3n. Las v\u00e1lvulas tienen la funci\u00f3n de abrirse y cerrarse para dejar pasar la sangre. Si se ha producido una anomal\u00eda o severidad, acostumbra a ser consecuencia de las infecciones, los traumatismos o el envejecimiento. La alteraci\u00f3n degenerativa de la v\u00e1lvula a\u00f3rtica es la m\u00e1s frecuente actualmente. Por eso, consideramos necesario hacer un seguimiento peri\u00f3dico del estado valvular.<\/p>\n<p>&nbsp;<\/p>\n<p><span style=\"color: #da0812;\">Arritmia<\/span><br \/>\nLa definimos como la alteraci\u00f3n del ritmo card\u00edaco. Pueden causar s\u00edntomas como las palpitaciones, los mareos o el dolor tor\u00e1cico. Generalmente, se produce por una disfunci\u00f3n del impulso el\u00e9ctrico que origina el coraz\u00f3n. La prueba que la detecta es el Registro del electrocardiograma de 24 horas de Holter.<\/p>\n<p>&nbsp;<\/p>\n\n\t\t<\/div> \n\t<\/div> <\/div> <div class=\"blank_spacer\" style=\"height:30px;\"><\/div>\n\n","protected":false},"excerpt":{"rendered":"","protected":false},"author":1,"featured_media":0,"parent":941,"menu_order":0,"comment_status":"closed","ping_status":"closed","template":"","meta":{"_monsterinsights_skip_tracking":false,"_monsterinsights_sitenote_active":false,"_monsterinsights_sitenote_note":"","_monsterinsights_sitenote_category":0,"footnotes":""},"class_list":["post-944","page","type-page","status-publish","hentry"],"yoast_head":"<!-- This site is optimized with the Yoast SEO plugin v27.4 - https:\/\/yoast.com\/product\/yoast-seo-wordpress\/ -->\n<title>Enfermedades - Diagn\u00f2stic Cardiorespiratori<\/title>\n<meta name=\"robots\" content=\"index, follow, max-snippet:-1, max-image-preview:large, max-video-preview:-1\" \/>\n<link rel=\"canonical\" href=\"https:\/\/cardiologialleida.com\/es\/cardiologia\/enfermedades\/\" \/>\n<meta property=\"og:locale\" content=\"es_ES\" \/>\n<meta property=\"og:type\" content=\"article\" \/>\n<meta property=\"og:title\" content=\"Enfermedades - Diagn\u00f2stic Cardiorespiratori\" \/>\n<meta property=\"og:description\" content=\"Centre d\u2019Osteopatia Cl\u00ednica especialitzat en el tractament de lesions vertebrals, viscerals i cranials. Centre pioner a la ciutat de Lleida en especialitats com la osteopatia pedi\u00e0trica i ginecol\u00f2gica.\" \/>\n<meta property=\"og:url\" content=\"https:\/\/cardiologialleida.com\/es\/cardiologia\/enfermedades\/\" \/>\n<meta property=\"og:site_name\" content=\"Diagn\u00f2stic Cardiorespiratori\" \/>\n<meta property=\"article:modified_time\" content=\"2015-04-22T10:56:42+00:00\" \/>\n<meta property=\"og:image\" content=\"https:\/\/cardiologialleida.com\/wp-content\/uploads\/2015\/04\/cardiologialleida-centre-diagnostic-cardiovascular.png\" \/>\n\t<meta property=\"og:image:width\" content=\"1268\" \/>\n\t<meta property=\"og:image:height\" content=\"936\" \/>\n\t<meta property=\"og:image:type\" content=\"image\/png\" \/>\n<meta name=\"twitter:label1\" content=\"Tiempo de lectura\" \/>\n\t<meta name=\"twitter:data1\" content=\"2 minutos\" \/>\n<script type=\"application\/ld+json\" class=\"yoast-schema-graph\">{\"@context\":\"https:\\\/\\\/schema.org\",\"@graph\":[{\"@type\":\"WebPage\",\"@id\":\"https:\\\/\\\/cardiologialleida.com\\\/es\\\/cardiologia\\\/enfermedades\\\/\",\"url\":\"https:\\\/\\\/cardiologialleida.com\\\/es\\\/cardiologia\\\/enfermedades\\\/\",\"name\":\"Enfermedades - Diagn\u00f2stic Cardiorespiratori\",\"isPartOf\":{\"@id\":\"https:\\\/\\\/cardiologialleida.com\\\/es\\\/#website\"},\"datePublished\":\"2013-08-22T07:31:38+00:00\",\"dateModified\":\"2015-04-22T10:56:42+00:00\",\"breadcrumb\":{\"@id\":\"https:\\\/\\\/cardiologialleida.com\\\/es\\\/cardiologia\\\/enfermedades\\\/#breadcrumb\"},\"inLanguage\":\"es\",\"potentialAction\":[{\"@type\":\"ReadAction\",\"target\":[\"https:\\\/\\\/cardiologialleida.com\\\/es\\\/cardiologia\\\/enfermedades\\\/\"]}]},{\"@type\":\"BreadcrumbList\",\"@id\":\"https:\\\/\\\/cardiologialleida.com\\\/es\\\/cardiologia\\\/enfermedades\\\/#breadcrumb\",\"itemListElement\":[{\"@type\":\"ListItem\",\"position\":1,\"name\":\"Inici\",\"item\":\"https:\\\/\\\/cardiologialleida.com\\\/es\\\/\"},{\"@type\":\"ListItem\",\"position\":2,\"name\":\"Cardiolog\u00eda\",\"item\":\"https:\\\/\\\/cardiologialleida.com\\\/es\\\/cardiologia\\\/\"},{\"@type\":\"ListItem\",\"position\":3,\"name\":\"Enfermedades\"}]},{\"@type\":\"WebSite\",\"@id\":\"https:\\\/\\\/cardiologialleida.com\\\/es\\\/#website\",\"url\":\"https:\\\/\\\/cardiologialleida.com\\\/es\\\/\",\"name\":\"Diagn\u00f2stic Cardiorespiratori\",\"description\":\"Centre Cardiologia Lleida\",\"potentialAction\":[{\"@type\":\"SearchAction\",\"target\":{\"@type\":\"EntryPoint\",\"urlTemplate\":\"https:\\\/\\\/cardiologialleida.com\\\/es\\\/?s={search_term_string}\"},\"query-input\":{\"@type\":\"PropertyValueSpecification\",\"valueRequired\":true,\"valueName\":\"search_term_string\"}}],\"inLanguage\":\"es\"}]}<\/script>\n<!-- \/ Yoast SEO plugin. -->","yoast_head_json":{"title":"Enfermedades - Diagn\u00f2stic Cardiorespiratori","robots":{"index":"index","follow":"follow","max-snippet":"max-snippet:-1","max-image-preview":"max-image-preview:large","max-video-preview":"max-video-preview:-1"},"canonical":"https:\/\/cardiologialleida.com\/es\/cardiologia\/enfermedades\/","og_locale":"es_ES","og_type":"article","og_title":"Enfermedades - Diagn\u00f2stic Cardiorespiratori","og_description":"Centre d\u2019Osteopatia Cl\u00ednica especialitzat en el tractament de lesions vertebrals, viscerals i cranials. Centre pioner a la ciutat de Lleida en especialitats com la osteopatia pedi\u00e0trica i ginecol\u00f2gica.","og_url":"https:\/\/cardiologialleida.com\/es\/cardiologia\/enfermedades\/","og_site_name":"Diagn\u00f2stic Cardiorespiratori","article_modified_time":"2015-04-22T10:56:42+00:00","og_image":[{"width":1268,"height":936,"url":"https:\/\/cardiologialleida.com\/wp-content\/uploads\/2015\/04\/cardiologialleida-centre-diagnostic-cardiovascular.png","type":"image\/png"}],"twitter_misc":{"Tiempo de lectura":"2 minutos"},"schema":{"@context":"https:\/\/schema.org","@graph":[{"@type":"WebPage","@id":"https:\/\/cardiologialleida.com\/es\/cardiologia\/enfermedades\/","url":"https:\/\/cardiologialleida.com\/es\/cardiologia\/enfermedades\/","name":"Enfermedades - Diagn\u00f2stic Cardiorespiratori","isPartOf":{"@id":"https:\/\/cardiologialleida.com\/es\/#website"},"datePublished":"2013-08-22T07:31:38+00:00","dateModified":"2015-04-22T10:56:42+00:00","breadcrumb":{"@id":"https:\/\/cardiologialleida.com\/es\/cardiologia\/enfermedades\/#breadcrumb"},"inLanguage":"es","potentialAction":[{"@type":"ReadAction","target":["https:\/\/cardiologialleida.com\/es\/cardiologia\/enfermedades\/"]}]},{"@type":"BreadcrumbList","@id":"https:\/\/cardiologialleida.com\/es\/cardiologia\/enfermedades\/#breadcrumb","itemListElement":[{"@type":"ListItem","position":1,"name":"Inici","item":"https:\/\/cardiologialleida.com\/es\/"},{"@type":"ListItem","position":2,"name":"Cardiolog\u00eda","item":"https:\/\/cardiologialleida.com\/es\/cardiologia\/"},{"@type":"ListItem","position":3,"name":"Enfermedades"}]},{"@type":"WebSite","@id":"https:\/\/cardiologialleida.com\/es\/#website","url":"https:\/\/cardiologialleida.com\/es\/","name":"Diagn\u00f2stic Cardiorespiratori","description":"Centre Cardiologia Lleida","potentialAction":[{"@type":"SearchAction","target":{"@type":"EntryPoint","urlTemplate":"https:\/\/cardiologialleida.com\/es\/?s={search_term_string}"},"query-input":{"@type":"PropertyValueSpecification","valueRequired":true,"valueName":"search_term_string"}}],"inLanguage":"es"}]}},"_links":{"self":[{"href":"https:\/\/cardiologialleida.com\/es\/wp-json\/wp\/v2\/pages\/944","targetHints":{"allow":["GET"]}}],"collection":[{"href":"https:\/\/cardiologialleida.com\/es\/wp-json\/wp\/v2\/pages"}],"about":[{"href":"https:\/\/cardiologialleida.com\/es\/wp-json\/wp\/v2\/types\/page"}],"author":[{"embeddable":true,"href":"https:\/\/cardiologialleida.com\/es\/wp-json\/wp\/v2\/users\/1"}],"replies":[{"embeddable":true,"href":"https:\/\/cardiologialleida.com\/es\/wp-json\/wp\/v2\/comments?post=944"}],"version-history":[{"count":2,"href":"https:\/\/cardiologialleida.com\/es\/wp-json\/wp\/v2\/pages\/944\/revisions"}],"predecessor-version":[{"id":957,"href":"https:\/\/cardiologialleida.com\/es\/wp-json\/wp\/v2\/pages\/944\/revisions\/957"}],"up":[{"embeddable":true,"href":"https:\/\/cardiologialleida.com\/es\/wp-json\/wp\/v2\/pages\/941"}],"wp:attachment":[{"href":"https:\/\/cardiologialleida.com\/es\/wp-json\/wp\/v2\/media?parent=944"}],"curies":[{"name":"wp","href":"https:\/\/api.w.org\/{rel}","templated":true}]}}