{"id":942,"date":"2013-08-22T08:31:38","date_gmt":"2013-08-22T07:31:38","guid":{"rendered":"http:\/\/cardiologialleida.com\/cardiologia-2\/prevencio-i-tractament\/"},"modified":"2015-04-22T12:22:16","modified_gmt":"2015-04-22T11:22:16","slug":"prevencion-y-tratamiento","status":"publish","type":"page","link":"https:\/\/cardiologialleida.com\/es\/cardiologia\/prevencion-y-tratamiento\/","title":{"rendered":"Prevenci\u00f3n y Tratamiento"},"content":{"rendered":"<div class=\"row-fluid\">\n\t<div class=\"wpb_showcase_widget full-width wpb_content_element span12 EspecSlider\">\n\t\t<div class=\"wpb_wrapper showcase-wrap\">\n\t\t\t\t\n<div id=\"rev_slider_4_1_wrapper\" class=\"rev_slider_wrapper fullwidthbanner-container\" data-source=\"gallery\" style=\"margin:0px auto;background:#E9E9E9;padding:0px;margin-top:0px;margin-bottom:0px;\">\n<!-- START REVOLUTION SLIDER 5.4.8.3 auto mode -->\n\t<div id=\"rev_slider_4_1\" class=\"rev_slider fullwidthabanner\" style=\"display:none;\" data-version=\"5.4.8.3\">\n<ul>\t<!-- SLIDE  -->\n\t<li data-index=\"rs-16\" data-transition=\"fade\" data-slotamount=\"7\" data-hideafterloop=\"0\" data-hideslideonmobile=\"off\"  data-easein=\"default\" data-easeout=\"default\" data-masterspeed=\"300\"  data-rotate=\"0\"  data-saveperformance=\"off\"  data-title=\"Slide\" data-param1=\"\" data-param2=\"\" data-param3=\"\" data-param4=\"\" data-param5=\"\" data-param6=\"\" data-param7=\"\" data-param8=\"\" data-param9=\"\" data-param10=\"\" data-description=\"\">\n\t\t<!-- MAIN IMAGE -->\n\t\t<img loading=\"lazy\" decoding=\"async\" src=\"https:\/\/cardiologialleida.com\/wp-content\/plugins\/revslider\/admin\/assets\/images\/dummy.png\"  alt=\"Cardiologia Lleida\" title=\"slide-cardio-ecocardiograma-doppler-color\"  width=\"840\" height=\"350\" data-lazyload=\"https:\/\/cardiologialleida.com\/wp-content\/uploads\/2015\/04\/slide-cardio-ecocardiograma-doppler-color.jpg\" data-bgposition=\"center center\" data-bgfit=\"cover\" data-bgrepeat=\"no-repeat\" class=\"rev-slidebg\" data-no-retina>\n\t\t<!-- LAYERS -->\n\t<\/li>\n\t<!-- SLIDE  -->\n\t<li data-index=\"rs-25\" data-transition=\"fade\" data-slotamount=\"7\" data-hideafterloop=\"0\" data-hideslideonmobile=\"off\"  data-easein=\"default\" data-easeout=\"default\" data-masterspeed=\"300\"  data-rotate=\"0\"  data-saveperformance=\"off\"  data-title=\"Slide\" data-param1=\"\" data-param2=\"\" data-param3=\"\" data-param4=\"\" data-param5=\"\" data-param6=\"\" data-param7=\"\" data-param8=\"\" data-param9=\"\" data-param10=\"\" data-description=\"\">\n\t\t<!-- MAIN IMAGE -->\n\t\t<img loading=\"lazy\" decoding=\"async\" src=\"https:\/\/cardiologialleida.com\/wp-content\/plugins\/revslider\/admin\/assets\/images\/dummy.png\"  alt=\"Cardiologia Lleida\" title=\"slide-cardio-ecocardiograma-estructural\"  width=\"840\" height=\"350\" data-lazyload=\"https:\/\/cardiologialleida.com\/wp-content\/uploads\/2015\/04\/slide-cardio-ecocardiograma-estructural.jpg\" data-bgposition=\"center center\" data-bgfit=\"cover\" data-bgrepeat=\"no-repeat\" class=\"rev-slidebg\" data-no-retina>\n\t\t<!-- LAYERS -->\n\t<\/li>\n\t<!-- SLIDE  -->\n\t<li data-index=\"rs-24\" data-transition=\"fade\" data-slotamount=\"7\" data-hideafterloop=\"0\" data-hideslideonmobile=\"off\"  data-easein=\"default\" data-easeout=\"default\" data-masterspeed=\"300\"  data-rotate=\"0\"  data-saveperformance=\"off\"  data-title=\"Slide\" data-param1=\"\" data-param2=\"\" data-param3=\"\" data-param4=\"\" data-param5=\"\" data-param6=\"\" data-param7=\"\" data-param8=\"\" data-param9=\"\" data-param10=\"\" data-description=\"\">\n\t\t<!-- MAIN IMAGE -->\n\t\t<img loading=\"lazy\" decoding=\"async\" src=\"https:\/\/cardiologialleida.com\/wp-content\/plugins\/revslider\/admin\/assets\/images\/dummy.png\"  alt=\"Cardiologia Lleida\" title=\"slide-cardio-ecocardiograma\"  width=\"840\" height=\"350\" data-lazyload=\"https:\/\/cardiologialleida.com\/wp-content\/uploads\/2015\/04\/slide-cardio-ecocardiograma.jpg\" data-bgposition=\"center center\" data-bgfit=\"cover\" data-bgrepeat=\"no-repeat\" class=\"rev-slidebg\" data-no-retina>\n\t\t<!-- LAYERS -->\n\t<\/li>\n\t<!-- SLIDE  -->\n\t<li data-index=\"rs-23\" data-transition=\"fade\" data-slotamount=\"7\" data-hideafterloop=\"0\" data-hideslideonmobile=\"off\"  data-easein=\"default\" data-easeout=\"default\" data-masterspeed=\"300\"  data-rotate=\"0\"  data-saveperformance=\"off\"  data-title=\"Slide\" data-param1=\"\" data-param2=\"\" data-param3=\"\" data-param4=\"\" data-param5=\"\" data-param6=\"\" data-param7=\"\" data-param8=\"\" data-param9=\"\" data-param10=\"\" data-description=\"\">\n\t\t<!-- MAIN IMAGE -->\n\t\t<img loading=\"lazy\" decoding=\"async\" src=\"https:\/\/cardiologialleida.com\/wp-content\/plugins\/revslider\/admin\/assets\/images\/dummy.png\"  alt=\"Cardiologia Lleida\" title=\"slide-cardio-registre-presio-arterial-24h\"  width=\"840\" height=\"350\" data-lazyload=\"https:\/\/cardiologialleida.com\/wp-content\/uploads\/2015\/04\/slide-cardio-registre-presio-arterial-24h.jpg\" data-bgposition=\"center center\" data-bgfit=\"cover\" data-bgrepeat=\"no-repeat\" class=\"rev-slidebg\" data-no-retina>\n\t\t<!-- LAYERS -->\n\t<\/li>\n\t<!-- SLIDE  -->\n\t<li data-index=\"rs-22\" data-transition=\"fade\" data-slotamount=\"7\" data-hideafterloop=\"0\" data-hideslideonmobile=\"off\"  data-easein=\"default\" data-easeout=\"default\" data-masterspeed=\"300\"  data-rotate=\"0\"  data-saveperformance=\"off\"  data-title=\"Slide\" data-param1=\"\" data-param2=\"\" data-param3=\"\" data-param4=\"\" data-param5=\"\" data-param6=\"\" data-param7=\"\" data-param8=\"\" data-param9=\"\" data-param10=\"\" data-description=\"\">\n\t\t<!-- MAIN IMAGE -->\n\t\t<img loading=\"lazy\" decoding=\"async\" src=\"https:\/\/cardiologialleida.com\/wp-content\/plugins\/revslider\/admin\/assets\/images\/dummy.png\"  alt=\"Cardiologia Lleida\" title=\"slide-cardio002-(electrocardiograma)\"  width=\"840\" height=\"350\" data-lazyload=\"https:\/\/cardiologialleida.com\/wp-content\/uploads\/2015\/04\/slide-cardio002-electrocardiograma.jpg\" data-bgposition=\"center center\" data-bgfit=\"cover\" data-bgrepeat=\"no-repeat\" class=\"rev-slidebg\" data-no-retina>\n\t\t<!-- LAYERS -->\n\t<\/li>\n\t<!-- SLIDE  -->\n\t<li data-index=\"rs-21\" data-transition=\"fade\" data-slotamount=\"7\" data-hideafterloop=\"0\" data-hideslideonmobile=\"off\"  data-easein=\"default\" data-easeout=\"default\" data-masterspeed=\"300\"  data-rotate=\"0\"  data-saveperformance=\"off\"  data-title=\"Slide\" data-param1=\"\" data-param2=\"\" data-param3=\"\" data-param4=\"\" data-param5=\"\" data-param6=\"\" data-param7=\"\" data-param8=\"\" data-param9=\"\" data-param10=\"\" data-description=\"\">\n\t\t<!-- MAIN IMAGE -->\n\t\t<img loading=\"lazy\" decoding=\"async\" src=\"https:\/\/cardiologialleida.com\/wp-content\/plugins\/revslider\/admin\/assets\/images\/dummy.png\"  alt=\"Cardiologia Lleida\" title=\"slide-electrocardiograma\"  width=\"840\" height=\"350\" data-lazyload=\"https:\/\/cardiologialleida.com\/wp-content\/uploads\/2015\/04\/slide-electrocardiograma.jpg\" data-bgposition=\"center center\" data-bgfit=\"cover\" data-bgrepeat=\"no-repeat\" class=\"rev-slidebg\" data-no-retina>\n\t\t<!-- LAYERS -->\n\t<\/li>\n<\/ul>\n<div class=\"tp-bannertimer tp-bottom\" style=\"visibility: hidden !important;\"><\/div>\t<\/div>\n<script>var htmlDiv = document.getElementById(\"rs-plugin-settings-inline-css\"); var htmlDivCss=\"\";\r\n\t\t\t\tif(htmlDiv) {\r\n\t\t\t\t\thtmlDiv.innerHTML = htmlDiv.innerHTML + htmlDivCss;\r\n\t\t\t\t}else{\r\n\t\t\t\t\tvar htmlDiv = document.createElement(\"div\");\r\n\t\t\t\t\thtmlDiv.innerHTML = \"<style>\" + htmlDivCss + \"<\/style>\";\r\n\t\t\t\t\tdocument.getElementsByTagName(\"head\")[0].appendChild(htmlDiv.childNodes[0]);\r\n\t\t\t\t}\r\n\t\t\t<\/script>\n\t\t<script type=\"text\/javascript\">\r\nif (setREVStartSize!==undefined) setREVStartSize(\r\n\t{c: '#rev_slider_4_1', gridwidth: [960], gridheight: [400], sliderLayout: 'auto'});\r\n\t\t\t\r\nvar revapi4,\r\n\ttpj;\t\r\n(function() {\t\t\t\r\n\tif (!\/loaded|interactive|complete\/.test(document.readyState)) document.addEventListener(\"DOMContentLoaded\",onLoad); else onLoad();\t\r\n\tfunction onLoad() {\t\t\t\t\r\n\t\tif (tpj===undefined) { tpj = jQuery; if(\"on\" == \"on\") tpj.noConflict();}\r\n\tif(tpj(\"#rev_slider_4_1\").revolution == undefined){\n\t\trevslider_showDoubleJqueryError(\"#rev_slider_4_1\");\n\t}else{\n\t\trevapi4 = tpj(\"#rev_slider_4_1\").show().revolution({\n\t\t\tsliderType:\"standard\",\n\t\t\tjsFileLocation:\"\/\/cardiologialleida.com\/wp-content\/plugins\/revslider\/public\/assets\/js\/\",\n\t\t\tsliderLayout:\"auto\",\n\t\t\tdottedOverlay:\"none\",\n\t\t\tdelay:3500,\n\t\t\tnavigation: {\n\t\t\t\tkeyboardNavigation:\"off\",\n\t\t\t\tkeyboard_direction: \"horizontal\",\n\t\t\t\tmouseScrollNavigation:\"off\",\n \t\t\t\t\t\t\tmouseScrollReverse:\"default\",\n\t\t\t\tonHoverStop:\"on\",\n\t\t\t\ttouch:{\n\t\t\t\t\ttouchenabled:\"on\",\n\t\t\t\t\ttouchOnDesktop:\"off\",\n\t\t\t\t\tswipe_threshold: 75,\n\t\t\t\t\tswipe_min_touches: 1,\n\t\t\t\t\tswipe_direction: \"horizontal\",\n\t\t\t\t\tdrag_block_vertical: false\n\t\t\t\t}\n\t\t\t},\n\t\t\tvisibilityLevels:[1240,1024,778,480],\n\t\t\tgridwidth:960,\n\t\t\tgridheight:400,\n\t\t\tlazyType:\"all\",\n\t\t\tshadow:0,\n\t\t\tspinner:\"spinner3\",\n\t\t\tstopLoop:\"off\",\n\t\t\tstopAfterLoops:-1,\n\t\t\tstopAtSlide:-1,\n\t\t\tshuffle:\"off\",\n\t\t\tautoHeight:\"off\",\n\t\t\tdisableProgressBar:\"on\",\n\t\t\thideThumbsOnMobile:\"off\",\n\t\t\thideSliderAtLimit:0,\n\t\t\thideCaptionAtLimit:0,\n\t\t\thideAllCaptionAtLilmit:0,\n\t\t\tdebugMode:false,\n\t\t\tfallbacks: {\n\t\t\t\tsimplifyAll:\"off\",\n\t\t\t\tnextSlideOnWindowFocus:\"off\",\n\t\t\t\tdisableFocusListener:false,\n\t\t\t}\n\t\t});\n\t}; \/* END OF revapi call *\/\n\t\n }; \/* END OF ON LOAD FUNCTION *\/\r\n}()); \/* END OF WRAPPING FUNCTION *\/\r\n<\/script>\r\n\t\t<script>\r\n\t\t\t\t\tvar htmlDivCss = '\t#rev_slider_4_1_wrapper .tp-loader.spinner3 div { background-color: #FFFFFF !important; } ';\r\n\t\t\t\t\tvar htmlDiv = document.getElementById('rs-plugin-settings-inline-css');\r\n\t\t\t\t\tif(htmlDiv) {\r\n\t\t\t\t\t\thtmlDiv.innerHTML = htmlDiv.innerHTML + htmlDivCss;\r\n\t\t\t\t\t}\r\n\t\t\t\t\telse{\r\n\t\t\t\t\t\tvar htmlDiv = document.createElement('div');\r\n\t\t\t\t\t\thtmlDiv.innerHTML = '<style>' + htmlDivCss + '<\/style>';\r\n\t\t\t\t\t\tdocument.getElementsByTagName('head')[0].appendChild(htmlDiv.childNodes[0]);\r\n\t\t\t\t\t}\r\n\t\t\t\t\t<\/script>\r\n\t\t\t\t\t<\/div><!-- END REVOLUTION SLIDER -->\n\t\t<\/div> \n\t<\/div> <\/div> <div class=\"blank_spacer\" style=\"height:30px;\"><\/div>\n <div class=\"row-fluid\">\n\t<div class=\"wpb_content_element span12 especTexte1 wpb_text_column pb-margin-bottom\">\n\t\t<div class=\"wpb_wrapper clearfix\">\n\t\t\t<div class=\"heading-wrap\"><h3 class=\"wpb_heading wpb_text_heading\">Prevenci\u00f3n<\/h3><\/div>\n\t\t\t\n<p>Para evitar la aparici\u00f3n de enfermedades cardiovasculares, aconsejamos controlar los factores de riesgo que las provocan. Existen unos inevitables, como la edad y el sexo. Otros son controlables por nosotros mismos, pero podemos tener una predisposici\u00f3n (tabaquismo, hipertensi\u00f3n, diabetes, colesterol, obesidad, sedentarismo, ser hombre o tener antecedentes familiares).<\/p>\n\n\t\t<\/div> \n\t<\/div> <\/div> <div class=\"row-fluid\">\n\t<div class=\"wpb_content_element span12 especTexte2 cardio wpb_text_column pb-margin-bottom\">\n\t\t<div class=\"wpb_wrapper clearfix\">\n\t\t\t<div class=\"heading-wrap\"><h3 class=\"wpb_heading wpb_text_heading\">Tratamiento<\/h3><\/div>\n\t\t\t\n<p>Para el tratamiento de las enfermedades cardiovasculares, es urgente modificar el estilo de vida. Primero, resulta conveniente que los pacientes apliquen medidas higi\u00e9nico-diet\u00e9ticas:<\/p>\n<ul>\n<li>Adelgazar, con una reducci\u00f3n del peso del 10%.<\/li>\n<li>Reducir la ingesta cal\u00f3rica en caso de sobrepeso.<\/li>\n<li>Reducir el consumo de sal.<\/li>\n<li>Aumentar las frutas, verduras y cereales en la dieta.<\/li>\n<li>Andar m\u00e1s de 30 minutos al d\u00eda.<\/li>\n<li>No consumir alcohol.<\/li>\n<\/ul>\n<p>Despu\u00e9s de estas medidas higi\u00e9nico-diet\u00e9ticas, intentamos controlar los factores de riesgo vasculares y los s\u00edntomas de las enfermedades card\u00edacas con f\u00e1rmacos que han demostrado un beneficio en el control de los acontecimientos cardiovasculares.<\/p>\n<p>Adem\u00e1s, tambi\u00e9n se pueden instaurar tratamientos endocavitarios, como dispositivos dentro del coraz\u00f3n, by-pass aortocoronario para mejorar el flujo sangu\u00edneo, stents dentro de las arterias coronarias o un recambio cu\u00e1ndo la lesi\u00f3n de las v\u00e1lvulas sea severa.<\/p>\n\n\t\t<\/div> \n\t<\/div> <\/div> <div class=\"blank_spacer\" style=\"height:30px;\"><\/div>\n\n","protected":false},"excerpt":{"rendered":"","protected":false},"author":1,"featured_media":0,"parent":941,"menu_order":0,"comment_status":"closed","ping_status":"closed","template":"","meta":{"_monsterinsights_skip_tracking":false,"_monsterinsights_sitenote_active":false,"_monsterinsights_sitenote_note":"","_monsterinsights_sitenote_category":0,"footnotes":""},"class_list":["post-942","page","type-page","status-publish","hentry"],"yoast_head":"<!-- This site is optimized with the Yoast SEO plugin v27.4 - https:\/\/yoast.com\/product\/yoast-seo-wordpress\/ -->\n<title>Prevenci\u00f3n y Tratamiento - Diagn\u00f2stic Cardiorespiratori<\/title>\n<meta name=\"robots\" content=\"index, follow, max-snippet:-1, max-image-preview:large, max-video-preview:-1\" \/>\n<link rel=\"canonical\" href=\"https:\/\/cardiologialleida.com\/es\/cardiologia\/prevencion-y-tratamiento\/\" \/>\n<meta property=\"og:locale\" content=\"es_ES\" \/>\n<meta property=\"og:type\" content=\"article\" \/>\n<meta property=\"og:title\" content=\"Prevenci\u00f3n y Tratamiento - Diagn\u00f2stic Cardiorespiratori\" \/>\n<meta property=\"og:description\" content=\"Centre d\u2019Osteopatia Cl\u00ednica especialitzat en el tractament de lesions vertebrals, viscerals i cranials. Centre pioner a la ciutat de Lleida en especialitats com la osteopatia pedi\u00e0trica i ginecol\u00f2gica.\" \/>\n<meta property=\"og:url\" content=\"https:\/\/cardiologialleida.com\/es\/cardiologia\/prevencion-y-tratamiento\/\" \/>\n<meta property=\"og:site_name\" content=\"Diagn\u00f2stic Cardiorespiratori\" \/>\n<meta property=\"article:modified_time\" content=\"2015-04-22T11:22:16+00:00\" \/>\n<meta property=\"og:image\" content=\"https:\/\/cardiologialleida.com\/wp-content\/uploads\/2015\/04\/cardiologialleida-centre-diagnostic-cardiovascular.png\" \/>\n\t<meta property=\"og:image:width\" content=\"1268\" \/>\n\t<meta property=\"og:image:height\" content=\"936\" \/>\n\t<meta property=\"og:image:type\" content=\"image\/png\" \/>\n<meta name=\"twitter:label1\" content=\"Tiempo de lectura\" \/>\n\t<meta name=\"twitter:data1\" content=\"1 minuto\" \/>\n<script type=\"application\/ld+json\" class=\"yoast-schema-graph\">{\"@context\":\"https:\\\/\\\/schema.org\",\"@graph\":[{\"@type\":\"WebPage\",\"@id\":\"https:\\\/\\\/cardiologialleida.com\\\/es\\\/cardiologia\\\/prevencion-y-tratamiento\\\/\",\"url\":\"https:\\\/\\\/cardiologialleida.com\\\/es\\\/cardiologia\\\/prevencion-y-tratamiento\\\/\",\"name\":\"Prevenci\u00f3n y Tratamiento - Diagn\u00f2stic Cardiorespiratori\",\"isPartOf\":{\"@id\":\"https:\\\/\\\/cardiologialleida.com\\\/es\\\/#website\"},\"datePublished\":\"2013-08-22T07:31:38+00:00\",\"dateModified\":\"2015-04-22T11:22:16+00:00\",\"breadcrumb\":{\"@id\":\"https:\\\/\\\/cardiologialleida.com\\\/es\\\/cardiologia\\\/prevencion-y-tratamiento\\\/#breadcrumb\"},\"inLanguage\":\"es\",\"potentialAction\":[{\"@type\":\"ReadAction\",\"target\":[\"https:\\\/\\\/cardiologialleida.com\\\/es\\\/cardiologia\\\/prevencion-y-tratamiento\\\/\"]}]},{\"@type\":\"BreadcrumbList\",\"@id\":\"https:\\\/\\\/cardiologialleida.com\\\/es\\\/cardiologia\\\/prevencion-y-tratamiento\\\/#breadcrumb\",\"itemListElement\":[{\"@type\":\"ListItem\",\"position\":1,\"name\":\"Inici\",\"item\":\"https:\\\/\\\/cardiologialleida.com\\\/es\\\/\"},{\"@type\":\"ListItem\",\"position\":2,\"name\":\"Cardiolog\u00eda\",\"item\":\"https:\\\/\\\/cardiologialleida.com\\\/es\\\/cardiologia\\\/\"},{\"@type\":\"ListItem\",\"position\":3,\"name\":\"Prevenci\u00f3n y Tratamiento\"}]},{\"@type\":\"WebSite\",\"@id\":\"https:\\\/\\\/cardiologialleida.com\\\/es\\\/#website\",\"url\":\"https:\\\/\\\/cardiologialleida.com\\\/es\\\/\",\"name\":\"Diagn\u00f2stic Cardiorespiratori\",\"description\":\"Centre Cardiologia Lleida\",\"potentialAction\":[{\"@type\":\"SearchAction\",\"target\":{\"@type\":\"EntryPoint\",\"urlTemplate\":\"https:\\\/\\\/cardiologialleida.com\\\/es\\\/?s={search_term_string}\"},\"query-input\":{\"@type\":\"PropertyValueSpecification\",\"valueRequired\":true,\"valueName\":\"search_term_string\"}}],\"inLanguage\":\"es\"}]}<\/script>\n<!-- \/ Yoast SEO plugin. -->","yoast_head_json":{"title":"Prevenci\u00f3n y Tratamiento - Diagn\u00f2stic Cardiorespiratori","robots":{"index":"index","follow":"follow","max-snippet":"max-snippet:-1","max-image-preview":"max-image-preview:large","max-video-preview":"max-video-preview:-1"},"canonical":"https:\/\/cardiologialleida.com\/es\/cardiologia\/prevencion-y-tratamiento\/","og_locale":"es_ES","og_type":"article","og_title":"Prevenci\u00f3n y Tratamiento - Diagn\u00f2stic Cardiorespiratori","og_description":"Centre d\u2019Osteopatia Cl\u00ednica especialitzat en el tractament de lesions vertebrals, viscerals i cranials. Centre pioner a la ciutat de Lleida en especialitats com la osteopatia pedi\u00e0trica i ginecol\u00f2gica.","og_url":"https:\/\/cardiologialleida.com\/es\/cardiologia\/prevencion-y-tratamiento\/","og_site_name":"Diagn\u00f2stic Cardiorespiratori","article_modified_time":"2015-04-22T11:22:16+00:00","og_image":[{"width":1268,"height":936,"url":"https:\/\/cardiologialleida.com\/wp-content\/uploads\/2015\/04\/cardiologialleida-centre-diagnostic-cardiovascular.png","type":"image\/png"}],"twitter_misc":{"Tiempo de lectura":"1 minuto"},"schema":{"@context":"https:\/\/schema.org","@graph":[{"@type":"WebPage","@id":"https:\/\/cardiologialleida.com\/es\/cardiologia\/prevencion-y-tratamiento\/","url":"https:\/\/cardiologialleida.com\/es\/cardiologia\/prevencion-y-tratamiento\/","name":"Prevenci\u00f3n y Tratamiento - Diagn\u00f2stic Cardiorespiratori","isPartOf":{"@id":"https:\/\/cardiologialleida.com\/es\/#website"},"datePublished":"2013-08-22T07:31:38+00:00","dateModified":"2015-04-22T11:22:16+00:00","breadcrumb":{"@id":"https:\/\/cardiologialleida.com\/es\/cardiologia\/prevencion-y-tratamiento\/#breadcrumb"},"inLanguage":"es","potentialAction":[{"@type":"ReadAction","target":["https:\/\/cardiologialleida.com\/es\/cardiologia\/prevencion-y-tratamiento\/"]}]},{"@type":"BreadcrumbList","@id":"https:\/\/cardiologialleida.com\/es\/cardiologia\/prevencion-y-tratamiento\/#breadcrumb","itemListElement":[{"@type":"ListItem","position":1,"name":"Inici","item":"https:\/\/cardiologialleida.com\/es\/"},{"@type":"ListItem","position":2,"name":"Cardiolog\u00eda","item":"https:\/\/cardiologialleida.com\/es\/cardiologia\/"},{"@type":"ListItem","position":3,"name":"Prevenci\u00f3n y Tratamiento"}]},{"@type":"WebSite","@id":"https:\/\/cardiologialleida.com\/es\/#website","url":"https:\/\/cardiologialleida.com\/es\/","name":"Diagn\u00f2stic Cardiorespiratori","description":"Centre Cardiologia Lleida","potentialAction":[{"@type":"SearchAction","target":{"@type":"EntryPoint","urlTemplate":"https:\/\/cardiologialleida.com\/es\/?s={search_term_string}"},"query-input":{"@type":"PropertyValueSpecification","valueRequired":true,"valueName":"search_term_string"}}],"inLanguage":"es"}]}},"_links":{"self":[{"href":"https:\/\/cardiologialleida.com\/es\/wp-json\/wp\/v2\/pages\/942","targetHints":{"allow":["GET"]}}],"collection":[{"href":"https:\/\/cardiologialleida.com\/es\/wp-json\/wp\/v2\/pages"}],"about":[{"href":"https:\/\/cardiologialleida.com\/es\/wp-json\/wp\/v2\/types\/page"}],"author":[{"embeddable":true,"href":"https:\/\/cardiologialleida.com\/es\/wp-json\/wp\/v2\/users\/1"}],"replies":[{"embeddable":true,"href":"https:\/\/cardiologialleida.com\/es\/wp-json\/wp\/v2\/comments?post=942"}],"version-history":[{"count":3,"href":"https:\/\/cardiologialleida.com\/es\/wp-json\/wp\/v2\/pages\/942\/revisions"}],"predecessor-version":[{"id":997,"href":"https:\/\/cardiologialleida.com\/es\/wp-json\/wp\/v2\/pages\/942\/revisions\/997"}],"up":[{"embeddable":true,"href":"https:\/\/cardiologialleida.com\/es\/wp-json\/wp\/v2\/pages\/941"}],"wp:attachment":[{"href":"https:\/\/cardiologialleida.com\/es\/wp-json\/wp\/v2\/media?parent=942"}],"curies":[{"name":"wp","href":"https:\/\/api.w.org\/{rel}","templated":true}]}}