{"id":919,"date":"2013-08-22T08:32:04","date_gmt":"2013-08-22T07:32:04","guid":{"rendered":"http:\/\/cardiologialleida.com\/el-centre-2\/"},"modified":"2015-04-21T18:34:15","modified_gmt":"2015-04-21T17:34:15","slug":"el-centro","status":"publish","type":"page","link":"https:\/\/cardiologialleida.com\/es\/el-centro\/","title":{"rendered":"El centro"},"content":{"rendered":"<div class=\"row-fluid\">\n\t<div class=\"wpb_showcase_widget full-width wpb_content_element span12 slide-centre\">\n\t\t<div class=\"wpb_wrapper showcase-wrap\">\n\t\t\t\t\n<div id=\"rev_slider_3_1_wrapper\" class=\"rev_slider_wrapper fullwidthbanner-container\" data-source=\"gallery\" style=\"margin:0px auto;background:#E9E9E9;padding:0px;margin-top:0px;margin-bottom:0px;\">\n<!-- START REVOLUTION SLIDER 5.4.8.3 auto mode -->\n\t<div id=\"rev_slider_3_1\" class=\"rev_slider fullwidthabanner\" style=\"display:none;\" data-version=\"5.4.8.3\">\n<ul>\t<!-- SLIDE  -->\n\t<li data-index=\"rs-9\" data-transition=\"fade\" data-slotamount=\"7\" data-hideafterloop=\"0\" data-hideslideonmobile=\"off\"  data-easein=\"default\" data-easeout=\"default\" data-masterspeed=\"300\"  data-rotate=\"0\"  data-saveperformance=\"off\"  data-title=\"Slide\" data-param1=\"\" data-param2=\"\" data-param3=\"\" data-param4=\"\" data-param5=\"\" data-param6=\"\" data-param7=\"\" data-param8=\"\" data-param9=\"\" data-param10=\"\" data-description=\"\">\n\t\t<!-- MAIN IMAGE -->\n\t\t<img loading=\"lazy\" decoding=\"async\" src=\"https:\/\/cardiologialleida.com\/wp-content\/plugins\/revslider\/admin\/assets\/images\/dummy.png\"  alt=\"Diagn\u00f2stic Cardiorespiratori - Cardiologia Lleida\" title=\"Diagn\u00f2stic Cardiorespiratori &#8211; Cardiologia Lleida\"  width=\"840\" height=\"390\" data-lazyload=\"https:\/\/cardiologialleida.com\/wp-content\/uploads\/2015\/03\/CENTRE1.jpg\" data-bgposition=\"center center\" data-bgfit=\"cover\" data-bgrepeat=\"no-repeat\" class=\"rev-slidebg\" data-no-retina>\n\t\t<!-- LAYERS -->\n\t<\/li>\n\t<!-- SLIDE  -->\n\t<li data-index=\"rs-10\" data-transition=\"fade\" data-slotamount=\"7\" data-hideafterloop=\"0\" data-hideslideonmobile=\"off\"  data-easein=\"default\" data-easeout=\"default\" data-masterspeed=\"300\"  data-rotate=\"0\"  data-saveperformance=\"off\"  data-title=\"Slide\" data-param1=\"\" data-param2=\"\" data-param3=\"\" data-param4=\"\" data-param5=\"\" data-param6=\"\" data-param7=\"\" data-param8=\"\" data-param9=\"\" data-param10=\"\" data-description=\"\">\n\t\t<!-- MAIN IMAGE -->\n\t\t<img loading=\"lazy\" decoding=\"async\" src=\"https:\/\/cardiologialleida.com\/wp-content\/plugins\/revslider\/admin\/assets\/images\/dummy.png\"  alt=\"Diagn\u00f2stic Cardiorespiratori - Cardiologia Lleida\" title=\"Diagn\u00f2stic Cardiorespiratori &#8211; Cardiologia Lleida\"  width=\"840\" height=\"390\" data-lazyload=\"https:\/\/cardiologialleida.com\/wp-content\/uploads\/2015\/03\/CENTRE2.jpg\" data-bgposition=\"center center\" data-bgfit=\"cover\" data-bgrepeat=\"no-repeat\" class=\"rev-slidebg\" data-no-retina>\n\t\t<!-- LAYERS -->\n\t<\/li>\n\t<!-- SLIDE  -->\n\t<li data-index=\"rs-11\" data-transition=\"fade\" data-slotamount=\"7\" data-hideafterloop=\"0\" data-hideslideonmobile=\"off\"  data-easein=\"default\" data-easeout=\"default\" data-masterspeed=\"300\"  data-rotate=\"0\"  data-saveperformance=\"off\"  data-title=\"Slide\" data-param1=\"\" data-param2=\"\" data-param3=\"\" data-param4=\"\" data-param5=\"\" data-param6=\"\" data-param7=\"\" data-param8=\"\" data-param9=\"\" data-param10=\"\" data-description=\"\">\n\t\t<!-- MAIN IMAGE -->\n\t\t<img loading=\"lazy\" decoding=\"async\" src=\"https:\/\/cardiologialleida.com\/wp-content\/plugins\/revslider\/admin\/assets\/images\/dummy.png\"  alt=\"Diagn\u00f2stic Cardiorespiratori - Cardiologia Lleida\" title=\"Diagn\u00f2stic Cardiorespiratori &#8211; Cardiologia Lleida\"  width=\"840\" height=\"390\" data-lazyload=\"https:\/\/cardiologialleida.com\/wp-content\/uploads\/2015\/03\/CENTRE3.jpg\" data-bgposition=\"center center\" data-bgfit=\"cover\" data-bgrepeat=\"no-repeat\" class=\"rev-slidebg\" data-no-retina>\n\t\t<!-- LAYERS -->\n\t<\/li>\n\t<!-- SLIDE  -->\n\t<li data-index=\"rs-12\" data-transition=\"fade\" data-slotamount=\"7\" data-hideafterloop=\"0\" data-hideslideonmobile=\"off\"  data-easein=\"default\" data-easeout=\"default\" data-masterspeed=\"300\"  data-rotate=\"0\"  data-saveperformance=\"off\"  data-title=\"Slide\" data-param1=\"\" data-param2=\"\" data-param3=\"\" data-param4=\"\" data-param5=\"\" data-param6=\"\" data-param7=\"\" data-param8=\"\" data-param9=\"\" data-param10=\"\" data-description=\"\">\n\t\t<!-- MAIN IMAGE -->\n\t\t<img loading=\"lazy\" decoding=\"async\" src=\"https:\/\/cardiologialleida.com\/wp-content\/plugins\/revslider\/admin\/assets\/images\/dummy.png\"  alt=\"Diagn\u00f2stic Cardiorespiratori - Cardiologia Lleida\" title=\"Diagn\u00f2stic Cardiorespiratori &#8211; Cardiologia Lleida\"  width=\"840\" height=\"390\" data-lazyload=\"https:\/\/cardiologialleida.com\/wp-content\/uploads\/2015\/03\/CENTRE4.jpg\" data-bgposition=\"center center\" data-bgfit=\"cover\" data-bgrepeat=\"no-repeat\" class=\"rev-slidebg\" data-no-retina>\n\t\t<!-- LAYERS -->\n\t<\/li>\n\t<!-- SLIDE  -->\n\t<li data-index=\"rs-13\" data-transition=\"fade\" data-slotamount=\"7\" data-hideafterloop=\"0\" data-hideslideonmobile=\"off\"  data-easein=\"default\" data-easeout=\"default\" data-masterspeed=\"300\"  data-rotate=\"0\"  data-saveperformance=\"off\"  data-title=\"Slide\" data-param1=\"\" data-param2=\"\" data-param3=\"\" data-param4=\"\" data-param5=\"\" data-param6=\"\" data-param7=\"\" data-param8=\"\" data-param9=\"\" data-param10=\"\" data-description=\"\">\n\t\t<!-- MAIN IMAGE -->\n\t\t<img loading=\"lazy\" decoding=\"async\" src=\"https:\/\/cardiologialleida.com\/wp-content\/plugins\/revslider\/admin\/assets\/images\/dummy.png\"  alt=\"Diagn\u00f2stic Cardiorespiratori - Cardiologia Lleida\" title=\"Diagn\u00f2stic Cardiorespiratori &#8211; Cardiologia Lleida\"  width=\"840\" height=\"390\" data-lazyload=\"https:\/\/cardiologialleida.com\/wp-content\/uploads\/2015\/03\/CENTRE5.jpg\" data-bgposition=\"center center\" data-bgfit=\"cover\" data-bgrepeat=\"no-repeat\" class=\"rev-slidebg\" data-no-retina>\n\t\t<!-- LAYERS -->\n\t<\/li>\n\t<!-- SLIDE  -->\n\t<li data-index=\"rs-14\" data-transition=\"fade\" data-slotamount=\"7\" data-hideafterloop=\"0\" data-hideslideonmobile=\"off\"  data-easein=\"default\" data-easeout=\"default\" data-masterspeed=\"300\"  data-rotate=\"0\"  data-saveperformance=\"off\"  data-title=\"Slide\" data-param1=\"\" data-param2=\"\" data-param3=\"\" data-param4=\"\" data-param5=\"\" data-param6=\"\" data-param7=\"\" data-param8=\"\" data-param9=\"\" data-param10=\"\" data-description=\"\">\n\t\t<!-- MAIN IMAGE -->\n\t\t<img loading=\"lazy\" decoding=\"async\" src=\"https:\/\/cardiologialleida.com\/wp-content\/plugins\/revslider\/admin\/assets\/images\/dummy.png\"  alt=\"Diagn\u00f2stic Cardiorespiratori - Cardiologia Lleida\" title=\"Diagn\u00f2stic Cardiorespiratori &#8211; Cardiologia Lleida\"  width=\"840\" height=\"390\" data-lazyload=\"https:\/\/cardiologialleida.com\/wp-content\/uploads\/2015\/03\/CENTRE6.jpg\" data-bgposition=\"center center\" data-bgfit=\"cover\" data-bgrepeat=\"no-repeat\" class=\"rev-slidebg\" data-no-retina>\n\t\t<!-- LAYERS -->\n\t<\/li>\n<\/ul>\n<div class=\"tp-bannertimer tp-bottom\" style=\"visibility: hidden !important;\"><\/div>\t<\/div>\n<script>var htmlDiv = document.getElementById(\"rs-plugin-settings-inline-css\"); var htmlDivCss=\"\";\r\n\t\t\t\tif(htmlDiv) {\r\n\t\t\t\t\thtmlDiv.innerHTML = htmlDiv.innerHTML + htmlDivCss;\r\n\t\t\t\t}else{\r\n\t\t\t\t\tvar htmlDiv = document.createElement(\"div\");\r\n\t\t\t\t\thtmlDiv.innerHTML = \"<style>\" + htmlDivCss + \"<\/style>\";\r\n\t\t\t\t\tdocument.getElementsByTagName(\"head\")[0].appendChild(htmlDiv.childNodes[0]);\r\n\t\t\t\t}\r\n\t\t\t<\/script>\n\t\t<script type=\"text\/javascript\">\r\nif (setREVStartSize!==undefined) setREVStartSize(\r\n\t{c: '#rev_slider_3_1', gridwidth: [960], gridheight: [400], sliderLayout: 'auto'});\r\n\t\t\t\r\nvar revapi3,\r\n\ttpj;\t\r\n(function() {\t\t\t\r\n\tif (!\/loaded|interactive|complete\/.test(document.readyState)) document.addEventListener(\"DOMContentLoaded\",onLoad); else onLoad();\t\r\n\tfunction onLoad() {\t\t\t\t\r\n\t\tif (tpj===undefined) { tpj = jQuery; if(\"on\" == \"on\") tpj.noConflict();}\r\n\tif(tpj(\"#rev_slider_3_1\").revolution == undefined){\n\t\trevslider_showDoubleJqueryError(\"#rev_slider_3_1\");\n\t}else{\n\t\trevapi3 = tpj(\"#rev_slider_3_1\").show().revolution({\n\t\t\tsliderType:\"standard\",\n\t\t\tjsFileLocation:\"\/\/cardiologialleida.com\/wp-content\/plugins\/revslider\/public\/assets\/js\/\",\n\t\t\tsliderLayout:\"auto\",\n\t\t\tdottedOverlay:\"none\",\n\t\t\tdelay:3500,\n\t\t\tnavigation: {\n\t\t\t\tkeyboardNavigation:\"off\",\n\t\t\t\tkeyboard_direction: \"horizontal\",\n\t\t\t\tmouseScrollNavigation:\"off\",\n \t\t\t\t\t\t\tmouseScrollReverse:\"default\",\n\t\t\t\tonHoverStop:\"on\",\n\t\t\t\ttouch:{\n\t\t\t\t\ttouchenabled:\"on\",\n\t\t\t\t\ttouchOnDesktop:\"off\",\n\t\t\t\t\tswipe_threshold: 75,\n\t\t\t\t\tswipe_min_touches: 1,\n\t\t\t\t\tswipe_direction: \"horizontal\",\n\t\t\t\t\tdrag_block_vertical: false\n\t\t\t\t}\n\t\t\t},\n\t\t\tvisibilityLevels:[1240,1024,778,480],\n\t\t\tgridwidth:960,\n\t\t\tgridheight:400,\n\t\t\tlazyType:\"all\",\n\t\t\tshadow:0,\n\t\t\tspinner:\"spinner3\",\n\t\t\tstopLoop:\"off\",\n\t\t\tstopAfterLoops:-1,\n\t\t\tstopAtSlide:-1,\n\t\t\tshuffle:\"off\",\n\t\t\tautoHeight:\"off\",\n\t\t\tdisableProgressBar:\"on\",\n\t\t\thideThumbsOnMobile:\"off\",\n\t\t\thideSliderAtLimit:0,\n\t\t\thideCaptionAtLimit:0,\n\t\t\thideAllCaptionAtLilmit:0,\n\t\t\tdebugMode:false,\n\t\t\tfallbacks: {\n\t\t\t\tsimplifyAll:\"off\",\n\t\t\t\tnextSlideOnWindowFocus:\"off\",\n\t\t\t\tdisableFocusListener:false,\n\t\t\t}\n\t\t});\n\t}; \/* END OF revapi call *\/\n\t\n }; \/* END OF ON LOAD FUNCTION *\/\r\n}()); \/* END OF WRAPPING FUNCTION *\/\r\n<\/script>\r\n\t\t<script>\r\n\t\t\t\t\tvar htmlDivCss = '\t#rev_slider_3_1_wrapper .tp-loader.spinner3 div { background-color: #da0812 !important; } ';\r\n\t\t\t\t\tvar htmlDiv = document.getElementById('rs-plugin-settings-inline-css');\r\n\t\t\t\t\tif(htmlDiv) {\r\n\t\t\t\t\t\thtmlDiv.innerHTML = htmlDiv.innerHTML + htmlDivCss;\r\n\t\t\t\t\t}\r\n\t\t\t\t\telse{\r\n\t\t\t\t\t\tvar htmlDiv = document.createElement('div');\r\n\t\t\t\t\t\thtmlDiv.innerHTML = '<style>' + htmlDivCss + '<\/style>';\r\n\t\t\t\t\t\tdocument.getElementsByTagName('head')[0].appendChild(htmlDiv.childNodes[0]);\r\n\t\t\t\t\t}\r\n\t\t\t\t\t<\/script>\r\n\t\t\t\t\t<\/div><!-- END REVOLUTION SLIDER -->\n\t\t<\/div> \n\t<\/div> <\/div> <div class=\"row-fluid\">\n\t<div class=\"wpb_content_element span8 centreTexte wpb_text_column pb-margin-bottom\">\n\t\t<div class=\"wpb_wrapper clearfix\">\n\t\t\t\n<p>&nbsp;<\/p>\n<p>En el Centre Diagn\u00f2stic Cardiorespiratori tenemos como objetivo el diagn\u00f3stico, el control y el tratamiento de las enfermedades cardiovasculares, profundizando en las medidas de prevenci\u00f3n de nuestros pacientes. Ubicados en la calle Valls d\u2019Andorra N\u00fam. 3 de Lleida, somos un centro pionero en la utilizaci\u00f3n de nuevas t\u00e9cnicas y tecnolog\u00edas para prevenir las enfermedades relacionadas con el coraz\u00f3n.<\/p>\n<p>Dirigido por el Dr. Jacint Cabau, con una experiencia de m\u00e1s de 38 a\u00f1os en el \u00e1mbito cl\u00ednico, desde el a\u00f1o 2006 hemos incorporado nuevas \u00e1reas y servicios, como el de Medicina Interna, dirigida por el Dr. \u00d3scar Sacrist\u00e1n Garc\u00eda. Con la voluntad de ofrecer los m\u00e1ximos servicios posibles a nuestros pacientes, compartimos el espacio con el Centre Osteopatia de Lleida.<\/p>\n<p>&nbsp;<\/p>\n\n\t\t<\/div> \n\t<\/div>  \n\t<div class=\"wpb_content_element span4 centreContacte wpb_text_column\">\n\t\t<div class=\"wpb_wrapper clearfix\">\n\t\t\t<div class=\"heading-wrap\"><h3 class=\"wpb_heading wpb_text_heading\">Video<\/h3><\/div>\n\t\t\t\n<p><iframe loading=\"lazy\" src=\"https:\/\/www.youtube.com\/embed\/GVVo-GIwTvA?rel=0&amp;showinfo=0\" width=\"84%\" height=\"190\" frameborder=\"0\" allowfullscreen=\"allowfullscreen\"><\/iframe><\/p>\n\n\t\t<\/div> \n\t<\/div> <\/div> <div class=\"row-fluid\">\n\t<div class=\"wpb_content_element span8 centreTexte wpb_text_column pb-margin-bottom\">\n\t\t<div class=\"wpb_wrapper clearfix\">\n\t\t\t\n<p>&nbsp;<\/p>\n\n\t\t<\/div> \n\t<\/div>  \n\t<div class=\"wpb_content_element span4 centreContacte wpb_text_column\">\n\t\t<div class=\"wpb_wrapper clearfix\">\n\t\t\t<div class=\"heading-wrap\"><h3 class=\"wpb_heading wpb_text_heading\">Cont\u00e1ctanos<\/h3><\/div>\n\t\t\t\n<p>C\/ Valls d\u2019Andorra N\u00fam. 3<br \/>\nBajos 2a<br \/>\n25005 Lleida<\/p>\n<p><strong>e:<\/strong> <a href=\"mailto:info@cardiologialleida.com\">info@cardiologialleida.com<\/a><br \/>\n<strong>t:<\/strong> 973 224 222<br \/>\n<strong>f:<\/strong> 973 241 473<\/p>\n<p><a title=\"Cont\u00e1ctanos\" href=\"https:\/\/cardiologialleida.com\/es\/contacto\/\">CONCERTAR CITA PREVIA<\/a><\/p>\n<p>&nbsp;<\/p>\n\n\t\t<\/div> \n\t<\/div> <\/div> <div class=\"blank_spacer\" style=\"height:30px;\"><\/div>\n\n","protected":false},"excerpt":{"rendered":"","protected":false},"author":1,"featured_media":0,"parent":0,"menu_order":0,"comment_status":"open","ping_status":"open","template":"","meta":{"_monsterinsights_skip_tracking":false,"_monsterinsights_sitenote_active":false,"_monsterinsights_sitenote_note":"","_monsterinsights_sitenote_category":0,"footnotes":""},"class_list":["post-919","page","type-page","status-publish","hentry"],"yoast_head":"<!-- This site is optimized with the Yoast SEO plugin v27.6 - https:\/\/yoast.com\/product\/yoast-seo-wordpress\/ -->\n<title>El centro - Diagn\u00f2stic Cardiorespiratori<\/title>\n<meta name=\"robots\" content=\"index, follow, max-snippet:-1, max-image-preview:large, max-video-preview:-1\" \/>\n<link rel=\"canonical\" href=\"https:\/\/cardiologialleida.com\/es\/el-centro\/\" \/>\n<meta property=\"og:locale\" content=\"es_ES\" \/>\n<meta property=\"og:type\" content=\"article\" \/>\n<meta property=\"og:title\" content=\"El centro - Diagn\u00f2stic Cardiorespiratori\" \/>\n<meta property=\"og:description\" content=\"Centre d\u2019Osteopatia Cl\u00ednica especialitzat en el tractament de lesions vertebrals, viscerals i cranials. Centre pioner a la ciutat de Lleida en especialitats com la osteopatia pedi\u00e0trica i ginecol\u00f2gica.\" \/>\n<meta property=\"og:url\" content=\"https:\/\/cardiologialleida.com\/es\/el-centro\/\" \/>\n<meta property=\"og:site_name\" content=\"Diagn\u00f2stic Cardiorespiratori\" \/>\n<meta property=\"article:modified_time\" content=\"2015-04-21T17:34:15+00:00\" \/>\n<meta property=\"og:image\" content=\"https:\/\/cardiologialleida.com\/wp-content\/uploads\/2015\/04\/cardiologialleida-centre-diagnostic-cardiovascular.png\" \/>\n\t<meta property=\"og:image:width\" content=\"1268\" \/>\n\t<meta property=\"og:image:height\" content=\"936\" \/>\n\t<meta property=\"og:image:type\" content=\"image\/png\" \/>\n<meta name=\"twitter:label1\" content=\"Tiempo de lectura\" \/>\n\t<meta name=\"twitter:data1\" content=\"1 minuto\" \/>\n<script type=\"application\/ld+json\" class=\"yoast-schema-graph\">{\"@context\":\"https:\\\/\\\/schema.org\",\"@graph\":[{\"@type\":\"WebPage\",\"@id\":\"https:\\\/\\\/cardiologialleida.com\\\/es\\\/el-centro\\\/\",\"url\":\"https:\\\/\\\/cardiologialleida.com\\\/es\\\/el-centro\\\/\",\"name\":\"El centro - Diagn\u00f2stic Cardiorespiratori\",\"isPartOf\":{\"@id\":\"https:\\\/\\\/cardiologialleida.com\\\/es\\\/#website\"},\"datePublished\":\"2013-08-22T07:32:04+00:00\",\"dateModified\":\"2015-04-21T17:34:15+00:00\",\"breadcrumb\":{\"@id\":\"https:\\\/\\\/cardiologialleida.com\\\/es\\\/el-centro\\\/#breadcrumb\"},\"inLanguage\":\"es\",\"potentialAction\":[{\"@type\":\"ReadAction\",\"target\":[\"https:\\\/\\\/cardiologialleida.com\\\/es\\\/el-centro\\\/\"]}]},{\"@type\":\"BreadcrumbList\",\"@id\":\"https:\\\/\\\/cardiologialleida.com\\\/es\\\/el-centro\\\/#breadcrumb\",\"itemListElement\":[{\"@type\":\"ListItem\",\"position\":1,\"name\":\"Inici\",\"item\":\"https:\\\/\\\/cardiologialleida.com\\\/es\\\/\"},{\"@type\":\"ListItem\",\"position\":2,\"name\":\"El centro\"}]},{\"@type\":\"WebSite\",\"@id\":\"https:\\\/\\\/cardiologialleida.com\\\/es\\\/#website\",\"url\":\"https:\\\/\\\/cardiologialleida.com\\\/es\\\/\",\"name\":\"Diagn\u00f2stic Cardiorespiratori\",\"description\":\"Centre Cardiologia Lleida\",\"potentialAction\":[{\"@type\":\"SearchAction\",\"target\":{\"@type\":\"EntryPoint\",\"urlTemplate\":\"https:\\\/\\\/cardiologialleida.com\\\/es\\\/?s={search_term_string}\"},\"query-input\":{\"@type\":\"PropertyValueSpecification\",\"valueRequired\":true,\"valueName\":\"search_term_string\"}}],\"inLanguage\":\"es\"}]}<\/script>\n<!-- \/ Yoast SEO plugin. -->","yoast_head_json":{"title":"El centro - Diagn\u00f2stic Cardiorespiratori","robots":{"index":"index","follow":"follow","max-snippet":"max-snippet:-1","max-image-preview":"max-image-preview:large","max-video-preview":"max-video-preview:-1"},"canonical":"https:\/\/cardiologialleida.com\/es\/el-centro\/","og_locale":"es_ES","og_type":"article","og_title":"El centro - Diagn\u00f2stic Cardiorespiratori","og_description":"Centre d\u2019Osteopatia Cl\u00ednica especialitzat en el tractament de lesions vertebrals, viscerals i cranials. Centre pioner a la ciutat de Lleida en especialitats com la osteopatia pedi\u00e0trica i ginecol\u00f2gica.","og_url":"https:\/\/cardiologialleida.com\/es\/el-centro\/","og_site_name":"Diagn\u00f2stic Cardiorespiratori","article_modified_time":"2015-04-21T17:34:15+00:00","og_image":[{"width":1268,"height":936,"url":"https:\/\/cardiologialleida.com\/wp-content\/uploads\/2015\/04\/cardiologialleida-centre-diagnostic-cardiovascular.png","type":"image\/png"}],"twitter_misc":{"Tiempo de lectura":"1 minuto"},"schema":{"@context":"https:\/\/schema.org","@graph":[{"@type":"WebPage","@id":"https:\/\/cardiologialleida.com\/es\/el-centro\/","url":"https:\/\/cardiologialleida.com\/es\/el-centro\/","name":"El centro - Diagn\u00f2stic Cardiorespiratori","isPartOf":{"@id":"https:\/\/cardiologialleida.com\/es\/#website"},"datePublished":"2013-08-22T07:32:04+00:00","dateModified":"2015-04-21T17:34:15+00:00","breadcrumb":{"@id":"https:\/\/cardiologialleida.com\/es\/el-centro\/#breadcrumb"},"inLanguage":"es","potentialAction":[{"@type":"ReadAction","target":["https:\/\/cardiologialleida.com\/es\/el-centro\/"]}]},{"@type":"BreadcrumbList","@id":"https:\/\/cardiologialleida.com\/es\/el-centro\/#breadcrumb","itemListElement":[{"@type":"ListItem","position":1,"name":"Inici","item":"https:\/\/cardiologialleida.com\/es\/"},{"@type":"ListItem","position":2,"name":"El centro"}]},{"@type":"WebSite","@id":"https:\/\/cardiologialleida.com\/es\/#website","url":"https:\/\/cardiologialleida.com\/es\/","name":"Diagn\u00f2stic Cardiorespiratori","description":"Centre Cardiologia Lleida","potentialAction":[{"@type":"SearchAction","target":{"@type":"EntryPoint","urlTemplate":"https:\/\/cardiologialleida.com\/es\/?s={search_term_string}"},"query-input":{"@type":"PropertyValueSpecification","valueRequired":true,"valueName":"search_term_string"}}],"inLanguage":"es"}]}},"_links":{"self":[{"href":"https:\/\/cardiologialleida.com\/es\/wp-json\/wp\/v2\/pages\/919","targetHints":{"allow":["GET"]}}],"collection":[{"href":"https:\/\/cardiologialleida.com\/es\/wp-json\/wp\/v2\/pages"}],"about":[{"href":"https:\/\/cardiologialleida.com\/es\/wp-json\/wp\/v2\/types\/page"}],"author":[{"embeddable":true,"href":"https:\/\/cardiologialleida.com\/es\/wp-json\/wp\/v2\/users\/1"}],"replies":[{"embeddable":true,"href":"https:\/\/cardiologialleida.com\/es\/wp-json\/wp\/v2\/comments?post=919"}],"version-history":[{"count":5,"href":"https:\/\/cardiologialleida.com\/es\/wp-json\/wp\/v2\/pages\/919\/revisions"}],"predecessor-version":[{"id":938,"href":"https:\/\/cardiologialleida.com\/es\/wp-json\/wp\/v2\/pages\/919\/revisions\/938"}],"wp:attachment":[{"href":"https:\/\/cardiologialleida.com\/es\/wp-json\/wp\/v2\/media?parent=919"}],"curies":[{"name":"wp","href":"https:\/\/api.w.org\/{rel}","templated":true}]}}