{"id":1021,"date":"2016-09-08T07:55:31","date_gmt":"2016-09-08T06:55:31","guid":{"rendered":"http:\/\/cardiologialleida.com\/es\/avis-legal\/"},"modified":"2016-09-08T08:00:41","modified_gmt":"2016-09-08T07:00:41","slug":"aviso-legal","status":"publish","type":"page","link":"https:\/\/cardiologialleida.com\/es\/aviso-legal\/","title":{"rendered":"Aviso legal"},"content":{"rendered":"<h2>Titular de la web y datos de contacto<\/h2>\n<p>www.osteopatialleida.com i www.cardiologialleida.com \u00a0es un dominio en Internet titularidad de DIAGNOSTIC CARDIORESPIRATORI I CENTRE DE FISIOTERAPIA, S.L. inscrita en\u00a0 el Registro Mercantil de Lleida, con CIF B25318148 y domicilio en Valls d&#8217;Andorra, 3 Bajos, 25005 Lleida<\/p>\n<p>El contenido de esta web es de car\u00e1cter general y tiene una finalidad y efectos exclusivamente informativos.<\/p>\n<p>Puede ponerse en contacto con nosotros:<\/p>\n<ul>\n<li>Por tel\u00e9fono, en el n\u00famero <strong>973 22 42 22<\/strong><\/li>\n<li>Por correo electr\u00f3nico, escribiendo a info@cardiologialleida.com o bien cumplimentando el formulario de contacto.<\/li>\n<li>Por escrito, dirigiendose a C\/ Valls d\u2019Andorra N\u00fam. 3, Baixos 2\u00aa, 25005 Lleida<\/li>\n<\/ul>\n<p>Para cualquier aclaraci\u00f3n por favor no duden en contactar con nosotros por cualquiera de estas v\u00edas.<\/p>\n<h2>Condiciones de uso de la web<\/h2>\n<p>Las presentes condiciones de uso regulan el acceso a esta web por parte de los clientes de DIAGNOSTIC CARDIORESPIRATORI I CENTRE DE FISIOTERAPIA, S.L. y dem\u00e1s usuarios de Internet. Por el mero uso de esta web, el usuario manifiesta su aceptaci\u00f3n sin reservas de las presentes condiciones de uso.<\/p>\n<p>DIAGNOSTIC CARDIORESPIRATORI I CENTRE DE FISIOTERAPIA, S.L. se reserva el derecho unilateral de modificar las presentes condiciones de acceso a la web, as\u00ed como los contenidos en ella incluidos.<\/p>\n<h3>Limitaci\u00f3n y exclusi\u00f3n de responsabilidad<\/h3>\n<p>El contenido de esta web es de car\u00e1cter general y tiene una finalidad y efectos exclusivamente informativos. DIAGNOSTIC CARDIORESPIRATORI I CENTRE DE FISIOTERAPIA, S.L. rechaza la responsabilidad sobre cualquier informaci\u00f3n no elaborada por ella o no publicada de forma autorizada por ella bajo su nombre, al igual que la responsabilidad que se derive de la mala utilizaci\u00f3n por terceros de los contenidos.<\/p>\n<p>El usuario exonera a DIAGNOSTIC CARDIORESPIRATORI I CENTRE DE FISIOTERAPIA, S.L. de cualquier responsabilidad que pudiera derivarse de las interrupciones de disponibilidad de la p\u00e1gina web, ya sea por mal funcionamiento del servidor web o de aplicaciones, de las infraestructuras de comunicaciones, o del software y hardware utilizados para la navegaci\u00f3n.<\/p>\n<p>En el caso de incluir enlaces a otras p\u00e1ginas web, DIAGNOSTIC CARDIORESPIRATORI I CENTRE DE FISIOTERAPIA, S.L. declina cualquier responsabilidad relacionada con el acceso y utilizaci\u00f3n de dichos enlaces.<\/p>\n<h3>Propiedad intelectual e industrial<\/h3>\n<p>La totalidad de esta web se encuentra protegida por las leyes sobre propiedad Intelectual e Industrial. Salvo que se indique lo contrario, los derechos de propiedad intelectual sobre estos contenidos corresponden en exclusiva a DIAGNOSTIC CARDIORESPIRATORI I CENTRE DE FISIOTERAPIA, S.L.. El usuario reconoce que el uso de los contenidos queda estrictamente limitado a finalidades personales del propio usuario y que la reproducci\u00f3n, distribuci\u00f3n, comunicaci\u00f3n o transformaci\u00f3n no expresamente autorizada de tales obras constituye una infracci\u00f3n de los derechos de propiedad intelectual.<\/p>\n<p>Asimismo, el usuario se abstendr\u00e1 de emplear los contenidos y, en particular, la informaci\u00f3n de cualquier clase obtenida a trav\u00e9s de la web para remitir publicidad, comunicaciones con fines de venta directa o con cualquier otra clase de finalidad comercial, mensajes no solicitados dirigidos a una pluralidad de personas con independencia de su finalidad, as\u00ed como a abstenerse de comercializar o divulgar de cualquier modo dicha informaci\u00f3n.<\/p>\n<p>www.osteopatialleida.com y www.cardiologialleida.com \u00a0son dominios titularidad de DIAGNOSTIC CARDIORESPIRATORI I CENTRE DE FISIOTERAPIA, S.L.. No pueden ser utilizados, salvo autorizaci\u00f3n expresa y previa, en conexi\u00f3n con otros productos o servicios que no sean de DIAGNOSTIC CARDIORESPIRATORI I CENTRE DE FISIOTERAPIA, S.L. de ninguna manera que pueda causar confusi\u00f3n entre nuestros clientes o descr\u00e9dito de DIAGNOSTIC CARDIORESPIRATORI I CENTRE DE FISIOTERAPIA, S.L.<\/p>\n<h3>Pol\u00edtica para enlazar a esta web<\/h3>\n<p>Si cualquier usuario, entidad o p\u00e1gina web deseara establecer alg\u00fan tipo de enlace con destino a esta web deber\u00e1 solicitar autorizaci\u00f3n previa a la realizaci\u00f3n del enlace y por escrito.<\/p>\n<p>Adem\u00e1s, s\u00f3lo se permite enlazar a la p\u00e1gina de inicio de la web. El enlace debe ser absoluto y completo, es decir, debe llevar al usuario a la propia direcci\u00f3n de www.osteopatialleida.com o www.cardiologialleida.com y debe abarcar completamente toda la extensi\u00f3n de la pantalla de la p\u00e1gina inicial. En ning\u00fan caso, salvo autorizaci\u00f3n expresa y por escrito de DIAGNOSTIC CARDIORESPIRATORI, la p\u00e1gina que realice el enlace podr\u00e1 reproducir de cualquier manera la web de DIAGNOSTIC CARDIORESPIRATORI, incluirlo como parte de su web o dentro de uno de sus marcos sobre cualquiera de las p\u00e1ginas o contenidos de la presente web.<\/p>\n<p>No se incluir\u00e1 ninguna manifestaci\u00f3n falsa, inexacta o incorrecta sobre las p\u00e1ginas de esta web o los servicios que en ella se ofrecen.<\/p>\n<p>El enlace no contendr\u00e1 ninguna marca, nombre comercial, r\u00f3tulo de establecimiento, denominaci\u00f3n, logotipo, eslogan u otros signos distintivos pertenecientes a DIAGNOSTIC CARDIORESPIRATORI<\/p>\n<p>Bajo ninguna circunstancia, DIAGNOSTIC CARDIORESPIRATORI I CENTRE DE FISIOTERAPIA, S.L. ser\u00e1 responsable de los contenidos o servicios puestos a disposici\u00f3n del p\u00fablico en la p\u00e1gina web desde la que se realice el hiperenlace ni de las informaciones o manifestaciones incluidas en las mismas.<\/p>\n<h3>Protecci\u00f3n de datos personales<\/h3>\n<p>En caso de cumplimentar alguno de nuestros formularios ser\u00e1 necesario facilitar determinados datos personales, los cuales se incorporar\u00e1n a los ficheros titularidad de DIAGNOSTIC CARDIORESPIRATORI I CENTRE DE FISIOTERAPIA, S.L.\u00a0 para la finalidad para la que se solicitan.<\/p>\n<p>DIAGNOSTIC CARDIORESPIRATORI se compromete a cumplir con el deber de secreto establecido en la normativa de protecci\u00f3n de datos, respecto de los datos recogidos.<\/p>\n<p>El titular de los datos dispone de la posibilidad de ejercer, en cualquier momento, los derechos de acceso, rectificaci\u00f3n, cancelaci\u00f3n u oposici\u00f3n respecto a cuantos datos suyos consten almacenados en los ficheros de DIAGNOSTIC CARDIORESPIRATORI I CENTRE DE FISIOTERAPIA, S.L. en la direcci\u00f3n C\/ Valls d\u2019Andorra N\u00fam. 3, Baixos 2\u00aa, 25005 Lleida<\/p>\n<p>El usuario debe rellenar los formularios con datos verdaderos, exactos, completos y actuales. El usuario no introducir\u00e1 datos correspondientes a otra persona; DIAGNOSTIC CARDIORESPIRATOR presumir\u00e1 que los datos han sido facilitados por el titular de los mismos. El usuario ser\u00e1 el \u00fanico responsable de cualquier da\u00f1o o perjuicio, directo o indirecto que pudiera ocasionar a cualquier persona a causa de la cumplimentaci\u00f3n del formulario con datos falsos, inexactos, incompletos o no actualizados o relativos a otra persona.<\/p>\n<p>&nbsp;<\/p>\n<p>&nbsp;<\/p>\n<h3>Cookies<\/h3>\n<p>Esta web utiliza cookies propias y de terceros para diversas finalidades incluyendo anal\u00edticas y publicidad adaptada a los intereses del usuario. El mero uso de esta web con las cookies activadas en el navegador implica la aceptaci\u00f3n de su tratamiento conforme a nuestra <u>pol\u00edtica de cookies<\/u>.<\/p>\n<p>Lea detenidamente nuestra pol\u00edtica de cookies para conocer los tipos de cookies empleados, como bloquearlas y c\u00f3mo borrarlas en su navegador.<\/p>\n<h3>Prevalencia de la versi\u00f3n espa\u00f1ola<\/h3>\n<p>En caso de que se traduzca este aviso legal a otros idiomas, cuando haya discrepancia, la versi\u00f3n espa\u00f1ola prevalecer\u00e1.<\/p>\n<h3>Legislaci\u00f3n y Jurisdicci\u00f3n aplicable<\/h3>\n<p>El presente Aviso Legal as\u00ed como las relaciones entre DIAGNOSTIC CARDIORESPIRATORI I CENTRE DE FISIOTERAPIA, S.L.y los usuarios, se regir\u00e1n por la normativa espa\u00f1ola vigente y cualquier controversia se someter\u00e1 a los Juzgados y Tribunales de Lleida, excepto en el caso de consumidores y usuarios que se aplicar\u00e1 el fuero imperativo de los juzgados de la ciudad de su domicilio.<\/p>\n<p>\u00a9 DIAGNOSTIC CARDIORESPIRATORI I CENTRE DE FISIOTERAPIA, S.L<\/p>\n","protected":false},"excerpt":{"rendered":"<p>Titular de la web y datos de contacto www.osteopatialleida.com i www.cardiologialleida.com \u00a0es un dominio en Internet titularidad de DIAGNOSTIC CARDIORESPIRATORI I CENTRE DE FISIOTERAPIA, S.L. inscrita en\u00a0 el Registro Mercantil de Lleida, con CIF B25318148 y domicilio en Valls d&#8217;Andorra, 3 Bajos, 25005 Lleida El contenido de esta web es de car\u00e1cter general y tiene una finalidad y efectos exclusivamente [&hellip;]<\/p>\n","protected":false},"author":1,"featured_media":0,"parent":0,"menu_order":0,"comment_status":"closed","ping_status":"closed","template":"","meta":{"_monsterinsights_skip_tracking":false,"_monsterinsights_sitenote_active":false,"_monsterinsights_sitenote_note":"","_monsterinsights_sitenote_category":0,"footnotes":""},"class_list":["post-1021","page","type-page","status-publish","hentry"],"yoast_head":"<!-- This site is optimized with the Yoast SEO plugin v27.6 - https:\/\/yoast.com\/product\/yoast-seo-wordpress\/ -->\n<title>Aviso legal - Diagn\u00f2stic Cardiorespiratori<\/title>\n<meta name=\"robots\" content=\"noindex, nofollow\" \/>\n<meta property=\"og:locale\" content=\"es_ES\" \/>\n<meta property=\"og:type\" content=\"article\" \/>\n<meta property=\"og:title\" content=\"Aviso legal - Diagn\u00f2stic Cardiorespiratori\" \/>\n<meta property=\"og:description\" content=\"Titular de la web y datos de contacto www.osteopatialleida.com i www.cardiologialleida.com \u00a0es un dominio en Internet titularidad de DIAGNOSTIC CARDIORESPIRATORI I CENTRE DE FISIOTERAPIA, S.L. inscrita en\u00a0 el Registro Mercantil de Lleida, con CIF B25318148 y domicilio en Valls d&#8217;Andorra, 3 Bajos, 25005 Lleida El contenido de esta web es de car\u00e1cter general y tiene una finalidad y efectos exclusivamente [&hellip;]\" \/>\n<meta property=\"og:url\" content=\"https:\/\/cardiologialleida.com\/es\/aviso-legal\/\" \/>\n<meta property=\"og:site_name\" content=\"Diagn\u00f2stic Cardiorespiratori\" \/>\n<meta property=\"article:modified_time\" content=\"2016-09-08T07:00:41+00:00\" \/>\n<meta property=\"og:image\" content=\"https:\/\/cardiologialleida.com\/wp-content\/uploads\/2015\/04\/cardiologialleida-centre-diagnostic-cardiovascular.png\" \/>\n\t<meta property=\"og:image:width\" content=\"1268\" \/>\n\t<meta property=\"og:image:height\" content=\"936\" \/>\n\t<meta property=\"og:image:type\" content=\"image\/png\" \/>\n<meta name=\"twitter:label1\" content=\"Tiempo de lectura\" \/>\n\t<meta name=\"twitter:data1\" content=\"6 minutos\" \/>\n<script type=\"application\/ld+json\" class=\"yoast-schema-graph\">{\"@context\":\"https:\\\/\\\/schema.org\",\"@graph\":[{\"@type\":\"WebPage\",\"@id\":\"https:\\\/\\\/cardiologialleida.com\\\/es\\\/aviso-legal\\\/\",\"url\":\"https:\\\/\\\/cardiologialleida.com\\\/es\\\/aviso-legal\\\/\",\"name\":\"Aviso legal - Diagn\u00f2stic Cardiorespiratori\",\"isPartOf\":{\"@id\":\"https:\\\/\\\/cardiologialleida.com\\\/es\\\/#website\"},\"datePublished\":\"2016-09-08T06:55:31+00:00\",\"dateModified\":\"2016-09-08T07:00:41+00:00\",\"breadcrumb\":{\"@id\":\"https:\\\/\\\/cardiologialleida.com\\\/es\\\/aviso-legal\\\/#breadcrumb\"},\"inLanguage\":\"es\",\"potentialAction\":[{\"@type\":\"ReadAction\",\"target\":[\"https:\\\/\\\/cardiologialleida.com\\\/es\\\/aviso-legal\\\/\"]}]},{\"@type\":\"BreadcrumbList\",\"@id\":\"https:\\\/\\\/cardiologialleida.com\\\/es\\\/aviso-legal\\\/#breadcrumb\",\"itemListElement\":[{\"@type\":\"ListItem\",\"position\":1,\"name\":\"Inici\",\"item\":\"https:\\\/\\\/cardiologialleida.com\\\/es\\\/\"},{\"@type\":\"ListItem\",\"position\":2,\"name\":\"Aviso legal\"}]},{\"@type\":\"WebSite\",\"@id\":\"https:\\\/\\\/cardiologialleida.com\\\/es\\\/#website\",\"url\":\"https:\\\/\\\/cardiologialleida.com\\\/es\\\/\",\"name\":\"Diagn\u00f2stic Cardiorespiratori\",\"description\":\"Centre Cardiologia Lleida\",\"potentialAction\":[{\"@type\":\"SearchAction\",\"target\":{\"@type\":\"EntryPoint\",\"urlTemplate\":\"https:\\\/\\\/cardiologialleida.com\\\/es\\\/?s={search_term_string}\"},\"query-input\":{\"@type\":\"PropertyValueSpecification\",\"valueRequired\":true,\"valueName\":\"search_term_string\"}}],\"inLanguage\":\"es\"}]}<\/script>\n<!-- \/ Yoast SEO plugin. -->","yoast_head_json":{"title":"Aviso legal - Diagn\u00f2stic Cardiorespiratori","robots":{"index":"noindex","follow":"nofollow"},"og_locale":"es_ES","og_type":"article","og_title":"Aviso legal - Diagn\u00f2stic Cardiorespiratori","og_description":"Titular de la web y datos de contacto www.osteopatialleida.com i www.cardiologialleida.com \u00a0es un dominio en Internet titularidad de DIAGNOSTIC CARDIORESPIRATORI I CENTRE DE FISIOTERAPIA, S.L. inscrita en\u00a0 el Registro Mercantil de Lleida, con CIF B25318148 y domicilio en Valls d&#8217;Andorra, 3 Bajos, 25005 Lleida El contenido de esta web es de car\u00e1cter general y tiene una finalidad y efectos exclusivamente [&hellip;]","og_url":"https:\/\/cardiologialleida.com\/es\/aviso-legal\/","og_site_name":"Diagn\u00f2stic Cardiorespiratori","article_modified_time":"2016-09-08T07:00:41+00:00","og_image":[{"width":1268,"height":936,"url":"https:\/\/cardiologialleida.com\/wp-content\/uploads\/2015\/04\/cardiologialleida-centre-diagnostic-cardiovascular.png","type":"image\/png"}],"twitter_misc":{"Tiempo de lectura":"6 minutos"},"schema":{"@context":"https:\/\/schema.org","@graph":[{"@type":"WebPage","@id":"https:\/\/cardiologialleida.com\/es\/aviso-legal\/","url":"https:\/\/cardiologialleida.com\/es\/aviso-legal\/","name":"Aviso legal - Diagn\u00f2stic Cardiorespiratori","isPartOf":{"@id":"https:\/\/cardiologialleida.com\/es\/#website"},"datePublished":"2016-09-08T06:55:31+00:00","dateModified":"2016-09-08T07:00:41+00:00","breadcrumb":{"@id":"https:\/\/cardiologialleida.com\/es\/aviso-legal\/#breadcrumb"},"inLanguage":"es","potentialAction":[{"@type":"ReadAction","target":["https:\/\/cardiologialleida.com\/es\/aviso-legal\/"]}]},{"@type":"BreadcrumbList","@id":"https:\/\/cardiologialleida.com\/es\/aviso-legal\/#breadcrumb","itemListElement":[{"@type":"ListItem","position":1,"name":"Inici","item":"https:\/\/cardiologialleida.com\/es\/"},{"@type":"ListItem","position":2,"name":"Aviso legal"}]},{"@type":"WebSite","@id":"https:\/\/cardiologialleida.com\/es\/#website","url":"https:\/\/cardiologialleida.com\/es\/","name":"Diagn\u00f2stic Cardiorespiratori","description":"Centre Cardiologia Lleida","potentialAction":[{"@type":"SearchAction","target":{"@type":"EntryPoint","urlTemplate":"https:\/\/cardiologialleida.com\/es\/?s={search_term_string}"},"query-input":{"@type":"PropertyValueSpecification","valueRequired":true,"valueName":"search_term_string"}}],"inLanguage":"es"}]}},"_links":{"self":[{"href":"https:\/\/cardiologialleida.com\/es\/wp-json\/wp\/v2\/pages\/1021","targetHints":{"allow":["GET"]}}],"collection":[{"href":"https:\/\/cardiologialleida.com\/es\/wp-json\/wp\/v2\/pages"}],"about":[{"href":"https:\/\/cardiologialleida.com\/es\/wp-json\/wp\/v2\/types\/page"}],"author":[{"embeddable":true,"href":"https:\/\/cardiologialleida.com\/es\/wp-json\/wp\/v2\/users\/1"}],"replies":[{"embeddable":true,"href":"https:\/\/cardiologialleida.com\/es\/wp-json\/wp\/v2\/comments?post=1021"}],"version-history":[{"count":3,"href":"https:\/\/cardiologialleida.com\/es\/wp-json\/wp\/v2\/pages\/1021\/revisions"}],"predecessor-version":[{"id":1025,"href":"https:\/\/cardiologialleida.com\/es\/wp-json\/wp\/v2\/pages\/1021\/revisions\/1025"}],"wp:attachment":[{"href":"https:\/\/cardiologialleida.com\/es\/wp-json\/wp\/v2\/media?parent=1021"}],"curies":[{"name":"wp","href":"https:\/\/api.w.org\/{rel}","templated":true}]}}